{"id":9115,"date":"2017-06-21T12:10:49","date_gmt":"2017-06-21T12:10:49","guid":{"rendered":"https:\/\/www.loghouse.fi\/?page_id=9115\/"},"modified":"2024-02-28T11:12:37","modified_gmt":"2024-02-28T09:12:37","slug":"dienstleistungen","status":"publish","type":"page","link":"https:\/\/www.loghouse.fi\/de\/dienstleistungen\/","title":{"rendered":"Dienstleistungen"},"content":{"rendered":"<h2>Enwurf \u2013 Individuelles Herangehen<\/h2>\n<p>Wir streben danach, dass das Haus in allen Parametern zu seinem k\u00fcnftigen Besitzer passt und die Individualit\u00e4t und Lebensweise seines Herren widerspiegelt. Im Rahmen einer engen Zusammenarbeit mit dem Kunden schaffen wir individuelle <a href=\"https:\/\/www.loghouse.fi\/de\/unsere-sammlung\/\">Projekte der Holzh\u00e4user<\/a>. Diese H\u00e4user werden zu einem notwendigen Bestandteil des Lebens ihrer Bewohner, sie werden es dem Hausherren gestatten, seinen ausgezeichneten Geschmack zu zeigen. Professionalit\u00e4t, die strenge Einhaltung der Fristen und Vereinbarungen und die ma\u00dfgeschneiderten Ausf\u00fchrungen stellen sicher, dass das Ergebnis unserer Arbeit ein einzigartiger <a href=\"https:\/\/www.loghouse.fi\/de\/dienstleistungen\/entwurf\/\">Entwurf<\/a> sein wird, der absoluten Komfort und eine maximale Zufriedenstellung der \u00e4sthetischen Vorlieben des Kunden garantiert. Beruhend auf den W\u00fcnschen des Kunden, unter der Ber\u00fccksichtigung der modernen Trends im Landhausbau, projektieren die Architekten die finnischen H\u00e4user. Die Preise f\u00fcr individuelle Projekte bleiben dabei moderat. Wir streben danach, dass das Landhaus in der Harmonie mit der umgebenden Natur bleibt und die einzigartige Komfortatmosph\u00e4re im Hause drinnen beibeh\u00e4lt.<\/p>\n<h2>Teknologien und Produktion \u2013 Vollst\u00e4ndige Einhaltung der Qualit\u00e4tsstandards<\/h2>\n<figure id=\"attachment_8558\" aria-describedby=\"caption-attachment-8558\" style=\"width: 1050px\" class=\"wp-caption alignnone\"><img loading=\"lazy\" decoding=\"async\" class=\"size-full wp-image-8558\" src=\"https:\/\/www.loghouse.fi\/wp-content\/uploads\/2017\/04\/production.jpg\" alt=\"In unserer Fabrik, die sich in Finnland befindet, erfolgt der volle Zyklus der Holzbearbeitung in den modernsten Anlagen.\" width=\"1050\" height=\"698\" srcset=\"https:\/\/www.loghouse.fi\/wp-content\/uploads\/2017\/04\/production.jpg 1050w, https:\/\/www.loghouse.fi\/wp-content\/uploads\/2017\/04\/production-300x199.jpg 300w, https:\/\/www.loghouse.fi\/wp-content\/uploads\/2017\/04\/production-768x511.jpg 768w, https:\/\/www.loghouse.fi\/wp-content\/uploads\/2017\/04\/production-1024x681.jpg 1024w, https:\/\/www.loghouse.fi\/wp-content\/uploads\/2017\/04\/production-150x100.jpg 150w\" sizes=\"auto, (max-width: 1050px) 100vw, 1050px\" \/><figcaption id=\"caption-attachment-8558\" class=\"wp-caption-text\">In unserer Fabrik, die sich in Finnland befindet, erfolgt der volle Zyklus der Holzbearbeitung in den modernsten Anlagen.<\/figcaption><\/figure>\n<p>In unserer Fabrik, die sich in Finnland befindet, erfolgt der volle Zyklus der Holzbearbeitung in den modernsten Anlagen. Die finnischen Holzh\u00e4user von Aito unterliegen der strengsten Qualit\u00e4tskontrolle. Die modernsten, hochpr\u00e4zisen Anlagen, hoch qualifiziertes Personal, die Umsetzung der f\u00fchrenden <a href=\"https:\/\/www.loghouse.fi\/de\/dienstleistungen\/teknologien-und-produktion\/\">Technologien<\/a>, der Einsatz der weltweiten Erfahrungen in der Holzbearbeitung und der finnischen Traditionen des Holzbaus erlauben es uns, Erzeugnisse auf h\u00f6chstem Niveau herzustellen, die den internationalen Qualit\u00e4tsstandards entsprechen.<\/p>\n<h2>Lieferung \u2013Ein Haus von Aito an jedem Ort der Welt<\/h2>\n<figure id=\"attachment_8538\" aria-describedby=\"caption-attachment-8538\" style=\"width: 1050px\" class=\"wp-caption alignnone\"><img loading=\"lazy\" decoding=\"async\" class=\"size-full wp-image-8538\" src=\"https:\/\/www.loghouse.fi\/wp-content\/uploads\/2017\/04\/delivery.jpg\" alt=\"Ein Haus von Rovaniemi kann an jedem Ort der Welt geliefert werden.\" width=\"1050\" height=\"699\" srcset=\"https:\/\/www.loghouse.fi\/wp-content\/uploads\/2017\/04\/delivery.jpg 1050w, https:\/\/www.loghouse.fi\/wp-content\/uploads\/2017\/04\/delivery-300x200.jpg 300w, https:\/\/www.loghouse.fi\/wp-content\/uploads\/2017\/04\/delivery-768x511.jpg 768w, https:\/\/www.loghouse.fi\/wp-content\/uploads\/2017\/04\/delivery-1024x682.jpg 1024w, https:\/\/www.loghouse.fi\/wp-content\/uploads\/2017\/04\/delivery-150x100.jpg 150w\" sizes=\"auto, (max-width: 1050px) 100vw, 1050px\" \/><figcaption id=\"caption-attachment-8538\" class=\"wp-caption-text\">Ein Haus von Aito Blockh\u00e4user kann an jedem Ort der Welt geliefert werden.<\/figcaption><\/figure>\n<p>Wir sind bereit, Ihr Haus an jeden Ort der Welt innerhalb k\u00fcrzester Zeit <a href=\"https:\/\/www.loghouse.fi\/de\/dienstleistungen\/lieferung\/\">zu liefern<\/a>. In allen Etappen des Transports Ihres Hauses wissen wir, wo genau es sich befindet. Und das bedeutet, dass der Auftraggeber jederzeit die vollen Informationen \u00fcber den Aufenthaltsort seiner Fracht erhalten kann. Unsere Firma hat zwei Hauptverfahren f\u00fcr die Lieferung:<\/p>\n<ul>\n<li>Autotransport. F\u00fcr die Bef\u00f6rderung werden Euro-Lkw verwendet<\/li>\n<li>Eisenbahntransport<\/li>\n<\/ul>\n<p>Ein Haus von Aito kann an jeden Ort in Europa geliefert werden!<\/p>\n<h2>Zusammenbau \u2013 Ein Haus in k\u00fcrzester Zeit<\/h2>\n<figure id=\"attachment_8528\" aria-describedby=\"caption-attachment-8528\" style=\"width: 1050px\" class=\"wp-caption alignnone\"><img loading=\"lazy\" decoding=\"async\" class=\"size-full wp-image-8528\" src=\"https:\/\/www.loghouse.fi\/wp-content\/uploads\/2017\/04\/assembly.jpg\" alt=\"Ausgefeilte Montagetechniken beim Zusammenbaue von H\u00e4usern der Firma Rovaniemi erm\u00f6glichen es, das Haus unter Einhaltung s\u00e4mtlicher Qualit\u00e4tsvorschriften und in k\u00fcrzester Zeit zu errichten.\" width=\"1050\" height=\"788\" srcset=\"https:\/\/www.loghouse.fi\/wp-content\/uploads\/2017\/04\/assembly.jpg 1050w, https:\/\/www.loghouse.fi\/wp-content\/uploads\/2017\/04\/assembly-300x225.jpg 300w, https:\/\/www.loghouse.fi\/wp-content\/uploads\/2017\/04\/assembly-768x576.jpg 768w, https:\/\/www.loghouse.fi\/wp-content\/uploads\/2017\/04\/assembly-1024x768.jpg 1024w\" sizes=\"auto, (max-width: 1050px) 100vw, 1050px\" \/><figcaption id=\"caption-attachment-8528\" class=\"wp-caption-text\">Ausgefeilte Montagetechniken beim Zusammenbaue von H\u00e4usern der Firma Aito erm\u00f6glichen es, das Haus unter Einhaltung s\u00e4mtlicher Qualit\u00e4tsvorschriften und in k\u00fcrzester Zeit zu errichten.<\/figcaption><\/figure>\n<p>Alle unsere <a href=\"https:\/\/www.loghouse.fi\/de\/materialien\/\">Materialien<\/a> weisen deutliche und glatte Geometrien auf, besitzen eine einwandfreie Kontur und die richtigen Ma\u00dfe, weil die Baus\u00e4tze der Holzh\u00e4user von Aito in den speziellen, hochpr\u00e4zisen Anlagen in Finnland unter dem Einsatz der modernsten Technologien hergestellt werden. Dadurch erfolgt der Zusammenbau eines Holzhauses einfach und schnell. Ein Bausatz f\u00fcr ein Haus ist \u00e4hnlich einem Baukasten, der gleich nach der Lieferung zum Zusammenbau bereit steht. Man braucht die Teile vor Ort nicht anzupassen. Das alles reduziert wesentlich die Errichtungsfristen bis auf wenige Tage.<\/p>\n<p>Nichtsdestotrotz muss das Konzept der leichten und normgerechten <a href=\"https:\/\/www.loghouse.fi\/de\/dienstleistungen\/zusammenbau\/\">Montage<\/a> unserer H\u00e4user nicht bedeuten, dass sich ein Haus dem anderen gleicht. Es gibt hierf\u00fcr einen treffenden Begriff \u2013 Musterentwurf \u2013 also ein Entwurf f\u00fcr ein Haus, das nicht nur einmal gebaut wird. Dennoch wird es in einer anderen Landschaft bzw. bei einem anderen Auftraggeber , sogar bei Verwendung der gleichen Materialien, v\u00f6llig anders aussehen.<\/p>\n","protected":false},"excerpt":{"rendered":"<p>Enwurf \u2013 Individuelles Herangehen Wir streben danach, dass das Haus in allen Parametern zu seinem k\u00fcnftigen Besitzer passt und die Individualit\u00e4t und Lebensweise seines Herren widerspiegelt. Im Rahmen einer engen Zusammenarbeit mit dem Kunden schaffen wir individuelle Projekte der Holzh\u00e4user. Diese H\u00e4user werden zu einem notwendigen Bestandteil des Lebens ihrer [&hellip;]<\/p>\n","protected":false},"author":6,"featured_media":2946,"parent":0,"menu_order":4,"comment_status":"closed","ping_status":"closed","template":"page-templates\/page_one-column.php","meta":{"_acf_changed":false,"footnotes":""},"yst_prominent_words":[1440,1493,1488,1449,1447,1445,1444,1443,1442,1441,1388,1439,1438,1437,1436,1435,1434,1433,1432,1425],"class_list":["post-9115","page","type-page","status-publish","has-post-thumbnail","hentry"],"acf":[],"_links":{"self":[{"href":"https:\/\/www.loghouse.fi\/de\/wp-json\/wp\/v2\/pages\/9115","targetHints":{"allow":["GET"]}}],"collection":[{"href":"https:\/\/www.loghouse.fi\/de\/wp-json\/wp\/v2\/pages"}],"about":[{"href":"https:\/\/www.loghouse.fi\/de\/wp-json\/wp\/v2\/types\/page"}],"author":[{"embeddable":true,"href":"https:\/\/www.loghouse.fi\/de\/wp-json\/wp\/v2\/users\/6"}],"replies":[{"embeddable":true,"href":"https:\/\/www.loghouse.fi\/de\/wp-json\/wp\/v2\/comments?post=9115"}],"version-history":[{"count":4,"href":"https:\/\/www.loghouse.fi\/de\/wp-json\/wp\/v2\/pages\/9115\/revisions"}],"predecessor-version":[{"id":16753,"href":"https:\/\/www.loghouse.fi\/de\/wp-json\/wp\/v2\/pages\/9115\/revisions\/16753"}],"wp:featuredmedia":[{"embeddable":true,"href":"https:\/\/www.loghouse.fi\/de\/wp-json\/wp\/v2\/media\/2946"}],"wp:attachment":[{"href":"https:\/\/www.loghouse.fi\/de\/wp-json\/wp\/v2\/media?parent=9115"}],"wp:term":[{"taxonomy":"yst_prominent_words","embeddable":true,"href":"https:\/\/www.loghouse.fi\/de\/wp-json\/wp\/v2\/yst_prominent_words?post=9115"}],"curies":[{"name":"wp","href":"https:\/\/api.w.org\/{rel}","templated":true}]}}