{"id":9116,"date":"2017-06-21T12:10:47","date_gmt":"2017-06-21T12:10:47","guid":{"rendered":"https:\/\/www.loghouse.fi\/?page_id=9116\/"},"modified":"2020-04-21T22:37:14","modified_gmt":"2020-04-21T19:37:14","slug":"technologien-und-produktion","status":"publish","type":"page","link":"https:\/\/www.loghouse.fi\/de\/dienstleistungen\/technologien-und-produktion\/","title":{"rendered":"Technologien und Produktion"},"content":{"rendered":"<h2>Einzigartigen Technologien<\/h2>\n<figure id=\"attachment_8988\" aria-describedby=\"caption-attachment-8988\" style=\"width: 1050px\" class=\"wp-caption alignnone\"><img loading=\"lazy\" decoding=\"async\" class=\"size-full wp-image-8988\" src=\"https:\/\/www.loghouse.fi\/wp-content\/uploads\/2016\/06\/finland-wooden-production-technologies-are-some-of-the-best-in-the-world.jpg\" alt=\"Rovaniemi's Bautechnologie f\u00fcr Holzh\u00e4user setzt eine komplizierte Bearbeitung der Materialien in modernen High-Tech-Anlagen.\" width=\"1050\" height=\"675\" srcset=\"https:\/\/www.loghouse.fi\/wp-content\/uploads\/2016\/06\/finland-wooden-production-technologies-are-some-of-the-best-in-the-world.jpg 1050w, https:\/\/www.loghouse.fi\/wp-content\/uploads\/2016\/06\/finland-wooden-production-technologies-are-some-of-the-best-in-the-world-300x193.jpg 300w, https:\/\/www.loghouse.fi\/wp-content\/uploads\/2016\/06\/finland-wooden-production-technologies-are-some-of-the-best-in-the-world-768x494.jpg 768w, https:\/\/www.loghouse.fi\/wp-content\/uploads\/2016\/06\/finland-wooden-production-technologies-are-some-of-the-best-in-the-world-1024x658.jpg 1024w\" sizes=\"auto, (max-width: 1050px) 100vw, 1050px\" \/><figcaption id=\"caption-attachment-8988\" class=\"wp-caption-text\">Aito&#8217;s Bautechnologie f\u00fcr Holzh\u00e4user setzt eine komplizierte Bearbeitung der Materialien in modernen High-Tech-Anlagen.<\/figcaption><\/figure>\n<p>Die Produktion von Holzh\u00e4usern nach einer besonderen Technologie l\u00e4sst es zu, die w\u00e4rmed\u00e4mmenden Eigenschaften der Wandmaterialien von <a href=\"https:\/\/www.loghouse.fi\/de\/rovaniemi-blockhauser\/\">Aito <\/a>zu erh\u00f6hen. Das ist durch die einzigartigen Geb\u00e4lkschl\u00f6sser m\u00f6glich. Damit es in einem Holzhaus das ganze Jahr hindurch warm ist, wird in den H\u00e4usern von Aito die modernste Technologie der Produktion von Verschl\u00fcssen in \u00dcberhauungen angewendet. Ein Verschluss hat ein effektives halbrundes Profil mit zwei zus\u00e4tzlichen Verbindungen Dorn-Nut, wodurch eine vergr\u00f6\u00dferte Kontaktfl\u00e4che des Wandmaterials erzielt wird. Dies l\u00e4sst es zu, eine dichte Verbindung der Teile beim Zusammenbauen zu schaffen, um die Hausecken vor dem durchblasenden kalten Wind und regelrechtem \u201eDurchfrieren\u201c zu sch\u00fctzen. Diese Verbindung verliert ihre sch\u00fctzenden Eigenschaften auch nach dem Zusammensetzen nicht. Den Konstruktionen die erforderliche Form zu verleihen und dabei die Sch\u00f6nheit des Materials zu betonen, scheint die Hauptaufgabe zu sein. Aber bevor sich der Tischler ans Werk macht, wird die Herstellungstechnologie des Holzhauses von einer Armee an Fachleuten gepr\u00fcft. Die Holzh\u00e4user von Aiton sind die besten H\u00e4user aus Finnland.<\/p>\n<h2>Trocknen und Bearbeiten<\/h2>\n<blockquote><p>Kennzeichnend f\u00fcr die Holzh\u00e4user nach finnischer Technologie sind die <a href=\"https:\/\/www.loghouse.fi\/de\/materialien\/\">hochwertigen Materialien<\/a> und die einzigartige Technologie zum Trocknen und Bearbeiten des Holzes, die es zul\u00e4sst, die Standfestigkeit eines Holzhauses von Rovaniemi gegen\u00fcber den Witterungen und seine Langlebigkeit sicherzustellen.<\/p><\/blockquote>\n<p>Die Holzh\u00e4user der finnischen Produktion sind fest, langlebig, haben ein \u00e4sthetisches anziehendes \u00c4u\u00dferes und sind umweltfreundlich. Aber manche Kunden haben Angst vor dem Einsatz von Holz f\u00fcr den Hausbau wegen seiner niedrigen Feuerfestigkeit sowie wegen seiner nat\u00fcrlichen Schrumpfung. F\u00fcr Sch\u00e4tzer von Traditionen und Komfort, die sich f\u00fcr H\u00e4user nach der finnischen Technologie entscheiden, verwendet die Firma Aito unsch\u00e4dliche Brandschutzimpr\u00e4gnierungen. Sie erh\u00f6hen die Feuerfestigkeit des Holzes. Und sogar im Brandfall wird sich das Holz nicht entz\u00fcnden, sondern langsam glimmen, was es zul\u00e4sst, operativ die erforderlichen Ma\u00dfnahmen zu ergreifen, um den Brand zu l\u00f6schen. Was die Schrumpfung betrifft, so muss man gestehen, dass es ein nat\u00fcrlicher Prozess bei Holzbauten ist. Holz ist ein lebendiges Material, welches sich w\u00e4hrend des Trocknens zusammenzieht. Durch die Anwendung einer einzigartigen Technologie wird die optimale Feuchtigkeit erreicht. Dabei werden die Natureigenschaften des Holzes nicht zerst\u00f6rt, und die gebauten finnischen Einfamilienh\u00e4user sind daf\u00fcr ausgerichtet, ihre Herren fast gleich nach ihren Errichtung zu empfangen. F\u00fcr die Kontrolle der Schrumpfung werden spezielle Schrumpfungsmechanismen eingesetzt.<\/p>\n<figure id=\"attachment_8328\" aria-describedby=\"caption-attachment-8328\" style=\"width: 1920px\" class=\"wp-caption alignnone\"><img loading=\"lazy\" decoding=\"async\" class=\"size-full wp-image-8328\" src=\"https:\/\/www.loghouse.fi\/wp-content\/uploads\/2016\/07\/rovaniemi-log-house-wooden-planks-factory.jpg\" alt=\"Kennzeichnend f\u00fcr die Holzh\u00e4user nach finnischer Technologie sind die hochwertigen Materialien und die einzigartige Technologie zum Trocknen und Bearbeiten des Holzes, die es zul\u00e4sst, die Standfestigkeit eines Holzhauses von Rovaniemi gegen\u00fcber den Witterungen und seine Langlebigkeit sicherzustellen.\" width=\"1920\" height=\"600\" srcset=\"https:\/\/www.loghouse.fi\/wp-content\/uploads\/2016\/07\/rovaniemi-log-house-wooden-planks-factory.jpg 1920w, https:\/\/www.loghouse.fi\/wp-content\/uploads\/2016\/07\/rovaniemi-log-house-wooden-planks-factory-300x94.jpg 300w, https:\/\/www.loghouse.fi\/wp-content\/uploads\/2016\/07\/rovaniemi-log-house-wooden-planks-factory-768x240.jpg 768w, https:\/\/www.loghouse.fi\/wp-content\/uploads\/2016\/07\/rovaniemi-log-house-wooden-planks-factory-1024x320.jpg 1024w\" sizes=\"auto, (max-width: 1920px) 100vw, 1920px\" \/><figcaption id=\"caption-attachment-8328\" class=\"wp-caption-text\">Kennzeichnend f\u00fcr die Holzh\u00e4user nach finnischer Technologie sind die hochwertigen Materialien und die einzigartige Technologie zum Trocknen und Bearbeiten des Holzes, die es zul\u00e4sst, die Standfestigkeit eines Holzhauses von Aito gegen\u00fcber den Witterungen und seine Langlebigkeit sicherzustellen.<\/figcaption><\/figure>\n<p>&nbsp;<\/p>\n","protected":false},"excerpt":{"rendered":"<p>Einzigartigen Technologien Die Produktion von Holzh\u00e4usern nach einer besonderen Technologie l\u00e4sst es zu, die w\u00e4rmed\u00e4mmenden Eigenschaften der Wandmaterialien von Aito zu erh\u00f6hen. Das ist durch die einzigartigen Geb\u00e4lkschl\u00f6sser m\u00f6glich. Damit es in einem Holzhaus das ganze Jahr hindurch warm ist, wird in den H\u00e4usern von Aito die modernste Technologie der [&hellip;]<\/p>\n","protected":false},"author":6,"featured_media":8258,"parent":9115,"menu_order":2,"comment_status":"closed","ping_status":"closed","template":"page-templates\/page_one-column.php","meta":{"_acf_changed":false,"footnotes":""},"yst_prominent_words":[1384,2695,2694,2693,2692,2691,2690,1387,1386,1385,1374,1383,1382,1381,1380,1379,1378,1377,1376,1375],"class_list":["post-9116","page","type-page","status-publish","has-post-thumbnail","hentry"],"acf":[],"_links":{"self":[{"href":"https:\/\/www.loghouse.fi\/de\/wp-json\/wp\/v2\/pages\/9116","targetHints":{"allow":["GET"]}}],"collection":[{"href":"https:\/\/www.loghouse.fi\/de\/wp-json\/wp\/v2\/pages"}],"about":[{"href":"https:\/\/www.loghouse.fi\/de\/wp-json\/wp\/v2\/types\/page"}],"author":[{"embeddable":true,"href":"https:\/\/www.loghouse.fi\/de\/wp-json\/wp\/v2\/users\/6"}],"replies":[{"embeddable":true,"href":"https:\/\/www.loghouse.fi\/de\/wp-json\/wp\/v2\/comments?post=9116"}],"version-history":[{"count":2,"href":"https:\/\/www.loghouse.fi\/de\/wp-json\/wp\/v2\/pages\/9116\/revisions"}],"predecessor-version":[{"id":14812,"href":"https:\/\/www.loghouse.fi\/de\/wp-json\/wp\/v2\/pages\/9116\/revisions\/14812"}],"up":[{"embeddable":true,"href":"https:\/\/www.loghouse.fi\/de\/wp-json\/wp\/v2\/pages\/9115"}],"wp:featuredmedia":[{"embeddable":true,"href":"https:\/\/www.loghouse.fi\/de\/wp-json\/wp\/v2\/media\/8258"}],"wp:attachment":[{"href":"https:\/\/www.loghouse.fi\/de\/wp-json\/wp\/v2\/media?parent=9116"}],"wp:term":[{"taxonomy":"yst_prominent_words","embeddable":true,"href":"https:\/\/www.loghouse.fi\/de\/wp-json\/wp\/v2\/yst_prominent_words?post=9116"}],"curies":[{"name":"wp","href":"https:\/\/api.w.org\/{rel}","templated":true}]}}