{"id":9128,"date":"2017-06-21T19:36:52","date_gmt":"2017-06-21T19:36:52","guid":{"rendered":"https:\/\/www.loghouse.fi\/?page_id=9128\/"},"modified":"2020-04-21T22:44:45","modified_gmt":"2020-04-21T19:44:45","slug":"zusammenbau","status":"publish","type":"page","link":"https:\/\/www.loghouse.fi\/de\/dienstleistungen\/zusammenbau\/","title":{"rendered":"Zusammenbau"},"content":{"rendered":"<h2>Reichliche Erfahrungen von Aito Blockh\u00e4user<\/h2>\n<p>Der Zusammenbau des Hauses kann auch durch ein Team von Aito erfolgen. Es werden auch Beratungsleistungen zum Zusammenbau eines Holzhauses angeboten. Diese Variante ist bei der Lieferung der Baus\u00e4tze f\u00fcr H\u00e4user in Regionen, in denen es keine H\u00e4ndlerzentren von Aito gibt, verbreitet. Unsere Fachleute kennen s\u00e4mtliche Besonderheiten der n\u00f6tigen Montagetechniken und sind in der Lage, Sie in folgenden Fragen zu beraten: Techniken des Zusammenbaus eines Hauses aus <a href=\"https:\/\/www.loghouse.fi\/de\/materialien\/blockstaemme\/\">Holzst\u00e4mmen<\/a>, Techniken des Zusammenbaus eines Hauses aus Balken, Zusammenbau eines Hauses aus lamelliertem Holz und dessen Besonderheiten, Zusammenbau eines Hauses aus Blockst\u00e4mmen unter unterschiedlichen Klimabedingungen usw.<\/p>\n<blockquote><p>Aito Blockh\u00e4user besitzt einen gro\u00dfen Erfahrungsschatz im Siedlungsbau au\u00dferhalb der Stadt und im Bau individueller H\u00e4user.<\/p><\/blockquote>\n<p>Wir kennen alle Feinheiten der Arbeit in <a href=\"https:\/\/www.loghouse.fi\/de\/dienstleistungen\/\">allen Etappen<\/a>, ab der <a href=\"https:\/\/www.loghouse.fi\/de\/dienstleistungen\/entwurf\/\">Planung<\/a> und Herstellung des Hausbausatzes bis hin zum Zusammenbau des Hauses auf dem Grundst\u00fcck des Auftraggebers, in dem wir \u00fcber umfangreiche Erfahrungen beim Bau von Holzh\u00e4usern und in der Zusammenarbeit mit den finnischen Lieferanten haben. Auf eine solche Weise wei\u00df der Kunde, der bei uns ein Haus bestellt hat, genau, in welchen Fristen er den fertigen Bausatz des Hauses bekommen wird, und was besonders wichtig ist, wann er der rechtm\u00e4\u00dfige Herr in dem Haus seiner Tr\u00e4ume sein wird. Die ausgefeilte Technologie des Zusammenbaus gestattet es uns, die Errichtung des Hauses in den exakt vereinbarten Fristen zu garantieren.<\/p>\n<h2>Ein verl\u00e4ssliches Team von Fachleuten<\/h2>\n<p>Der Zusammenbau eines Holzhaus ist eine der wichtigsten Stufen w\u00e4hrend des Bauprozesses, in der eine Vielzahl an Details zu ber\u00fccksichtigen sind, zum Beispiel die nat\u00fcrliche Schrumpfung des Holzhauses. Damit die Arbeiten zum Zusammenbau des Hauses richtig und fristgem\u00e4\u00df erf\u00fcllt werden, sind s\u00e4mtliche aufeinanderfolgende T\u00e4tigkeiten, notwendige <a href=\"https:\/\/www.loghouse.fi\/de\/dienstleistungen\/technologien-und-produktion\/\">Technologien<\/a> sowie die Besonderheiten des Verhaltens unterschiedlicher Materialien bei unterschiedlichen Klimabedingungen zu ber\u00fccksichtigen. Der Zusammenbau eines Hauses aus Balken unterscheidet sich technologisch vom Zusammenbau eines Hauses aus der <a href=\"https:\/\/www.loghouse.fi\/de\/materialien\/trockenkiefer-kelo\/\">Trockenkiefer KELO<\/a>. Der Zusammenbau des Hauses in Rovaniemi ist ein technologisch ausgefeilter Prozess, an dem alle Profis beteiligt sind. In der Regel besteht das Montageteams aus f\u00fcnf bis sechs Handwerkern, die alle ihre Aufgaben genau kennen. Der richtige Zusammenbau ist nicht nur eine Garantie f\u00fcr die Sch\u00f6nheit des errichteten Hauses, sondern auch f\u00fcr dessen Langlebigkeit. Wenn man die Arbeit den Profimonteuren \u00fcberl\u00e4sst, kann der Kunde sicher sein, dass sein Holzhaus noch von mehreren Generationen bewundert wird.<\/p>\n<figure id=\"attachment_8938\" aria-describedby=\"caption-attachment-8938\" style=\"width: 1050px\" class=\"wp-caption alignnone\"><img loading=\"lazy\" decoding=\"async\" class=\"size-full wp-image-8938\" src=\"https:\/\/www.loghouse.fi\/wp-content\/uploads\/2017\/06\/rovaniemi-log-house-assembly.jpg\" alt=\"Der Zusammenbau von einem Holzhaus Rovaniemi erfolgt durch ein Profi-Team, welches alle Fragen l\u00f6st, die w\u00e4hrend des Bauprozesses entstehen.\" width=\"1050\" height=\"699\" srcset=\"https:\/\/www.loghouse.fi\/wp-content\/uploads\/2017\/06\/rovaniemi-log-house-assembly.jpg 1050w, https:\/\/www.loghouse.fi\/wp-content\/uploads\/2017\/06\/rovaniemi-log-house-assembly-860x573.jpg 860w, https:\/\/www.loghouse.fi\/wp-content\/uploads\/2017\/06\/rovaniemi-log-house-assembly-300x200.jpg 300w, https:\/\/www.loghouse.fi\/wp-content\/uploads\/2017\/06\/rovaniemi-log-house-assembly-768x511.jpg 768w, https:\/\/www.loghouse.fi\/wp-content\/uploads\/2017\/06\/rovaniemi-log-house-assembly-1024x682.jpg 1024w, https:\/\/www.loghouse.fi\/wp-content\/uploads\/2017\/06\/rovaniemi-log-house-assembly-150x100.jpg 150w\" sizes=\"auto, (max-width: 1050px) 100vw, 1050px\" \/><figcaption id=\"caption-attachment-8938\" class=\"wp-caption-text\">Der Zusammenbau von einem Holzhaus Aito erfolgt durch ein Profi-Team, welches alle Fragen l\u00f6st, die w\u00e4hrend des Bauprozesses entstehen.<\/figcaption><\/figure>\n","protected":false},"excerpt":{"rendered":"<p>Reichliche Erfahrungen von Aito Blockh\u00e4user Der Zusammenbau des Hauses kann auch durch ein Team von Aito erfolgen. Es werden auch Beratungsleistungen zum Zusammenbau eines Holzhauses angeboten. Diese Variante ist bei der Lieferung der Baus\u00e4tze f\u00fcr H\u00e4user in Regionen, in denen es keine H\u00e4ndlerzentren von Aito gibt, verbreitet. Unsere Fachleute kennen [&hellip;]<\/p>\n","protected":false},"author":6,"featured_media":2669,"parent":9115,"menu_order":4,"comment_status":"closed","ping_status":"closed","template":"page-templates\/page_one-column.php","meta":{"_acf_changed":false,"footnotes":""},"yst_prominent_words":[1410,1424,1419,1417,1416,1415,1414,1413,1412,1411,1353,1409,1408,1407,1406,1405,1404,1403,1368,1367],"class_list":["post-9128","page","type-page","status-publish","has-post-thumbnail","hentry"],"acf":[],"_links":{"self":[{"href":"https:\/\/www.loghouse.fi\/de\/wp-json\/wp\/v2\/pages\/9128","targetHints":{"allow":["GET"]}}],"collection":[{"href":"https:\/\/www.loghouse.fi\/de\/wp-json\/wp\/v2\/pages"}],"about":[{"href":"https:\/\/www.loghouse.fi\/de\/wp-json\/wp\/v2\/types\/page"}],"author":[{"embeddable":true,"href":"https:\/\/www.loghouse.fi\/de\/wp-json\/wp\/v2\/users\/6"}],"replies":[{"embeddable":true,"href":"https:\/\/www.loghouse.fi\/de\/wp-json\/wp\/v2\/comments?post=9128"}],"version-history":[{"count":2,"href":"https:\/\/www.loghouse.fi\/de\/wp-json\/wp\/v2\/pages\/9128\/revisions"}],"predecessor-version":[{"id":14816,"href":"https:\/\/www.loghouse.fi\/de\/wp-json\/wp\/v2\/pages\/9128\/revisions\/14816"}],"up":[{"embeddable":true,"href":"https:\/\/www.loghouse.fi\/de\/wp-json\/wp\/v2\/pages\/9115"}],"wp:featuredmedia":[{"embeddable":true,"href":"https:\/\/www.loghouse.fi\/de\/wp-json\/wp\/v2\/media\/2669"}],"wp:attachment":[{"href":"https:\/\/www.loghouse.fi\/de\/wp-json\/wp\/v2\/media?parent=9128"}],"wp:term":[{"taxonomy":"yst_prominent_words","embeddable":true,"href":"https:\/\/www.loghouse.fi\/de\/wp-json\/wp\/v2\/yst_prominent_words?post=9128"}],"curies":[{"name":"wp","href":"https:\/\/api.w.org\/{rel}","templated":true}]}}