{"id":9131,"date":"2017-06-21T19:53:03","date_gmt":"2017-06-21T19:53:03","guid":{"rendered":"https:\/\/www.loghouse.fi\/?page_id=9131\/"},"modified":"2024-02-28T10:25:03","modified_gmt":"2024-02-28T08:25:03","slug":"entwurf","status":"publish","type":"page","link":"https:\/\/www.loghouse.fi\/de\/dienstleistungen\/entwurf\/","title":{"rendered":"Entwurf"},"content":{"rendered":"<h2>Haus als Verk\u00f6rperung von Traditionen<\/h2>\n<blockquote><p>Die architektonischen L\u00f6sungen und Raumplanungen f\u00fcr die <a href=\"https:\/\/www.loghouse.fi\/de\/unsere-sammlung\/\">Holzh\u00e4user von Aito<\/a> ber\u00fccksichtigen nicht nur die Klimabedingungen, sondern auch seine nationalen Besonderheiten und Traditionen.<\/p><\/blockquote>\n<p>Urspr\u00fcnglich gehen die architektonischen L\u00f6sungen und Raumplanungen der H\u00e4user von Aito auf die traditionelle Architektur in den L\u00e4ndern Skandinaviens zur\u00fcck, indem sie die modernen Tendenzen des Landhausbaus unserer n\u00f6rdlichen Nachbarn widerspiegeln. Aber allm\u00e4hlich wurde <a href=\"https:\/\/www.loghouse.fi\/de\/unsere-sammlung\/\">die Sammlung<\/a> der Entw\u00fcrfe durch neue erg\u00e4nzt, in welchen man deutlich den Einfluss unterschiedlicher Kulturen und nationaler Traditionen sp\u00fcren kann. Bei der Hausplanung werden nicht nur die nationalen Besonderheiten des Bauorts ins Visier genommen, sondern auch die Klimabedingungen. Beispielsweise sehen die Architekten eine gro\u00dfe Verglasungsfl\u00e4che der H\u00e4user dort vor, wo es nicht so viele Sonnentage gibt, um den Lichtmangel zu kompensieren. Vor h\u00e4ufigem Regen k\u00f6nnen die \u00fcberdachten Terrassen sch\u00fctzen, und die transparente Dachdeckungen erm\u00f6glichen die Vorstellung, unter freien Himmel zu leben. Die Schaffung und der Verkauf der Holzh\u00e4user ist f\u00fcr uns nicht nur einfach Arbeit, sondern die M\u00f6glichkeit, die Welt besser und interessanter zu machen, Neues zu schaffen, indem man sich den Urspr\u00fcngen zuwendet.<\/p>\n","protected":false},"excerpt":{"rendered":"<p>Haus als Verk\u00f6rperung von Traditionen Die architektonischen L\u00f6sungen und Raumplanungen f\u00fcr die Holzh\u00e4user von Aito ber\u00fccksichtigen nicht nur die Klimabedingungen, sondern auch seine nationalen Besonderheiten und Traditionen. Urspr\u00fcnglich gehen die architektonischen L\u00f6sungen und Raumplanungen der H\u00e4user von Aito auf die traditionelle Architektur in den L\u00e4ndern Skandinaviens zur\u00fcck, indem sie die [&hellip;]<\/p>\n","protected":false},"author":6,"featured_media":2666,"parent":9115,"menu_order":1,"comment_status":"closed","ping_status":"closed","template":"page-templates\/page_one-column.php","meta":{"_acf_changed":false,"footnotes":""},"yst_prominent_words":[1459,2897,1487,1486,1466,1465,1464,1462,1461,1460,1327,1458,1457,1456,1455,1454,1453,1452,1451,1450],"class_list":["post-9131","page","type-page","status-publish","has-post-thumbnail","hentry"],"acf":[],"_links":{"self":[{"href":"https:\/\/www.loghouse.fi\/de\/wp-json\/wp\/v2\/pages\/9131","targetHints":{"allow":["GET"]}}],"collection":[{"href":"https:\/\/www.loghouse.fi\/de\/wp-json\/wp\/v2\/pages"}],"about":[{"href":"https:\/\/www.loghouse.fi\/de\/wp-json\/wp\/v2\/types\/page"}],"author":[{"embeddable":true,"href":"https:\/\/www.loghouse.fi\/de\/wp-json\/wp\/v2\/users\/6"}],"replies":[{"embeddable":true,"href":"https:\/\/www.loghouse.fi\/de\/wp-json\/wp\/v2\/comments?post=9131"}],"version-history":[{"count":3,"href":"https:\/\/www.loghouse.fi\/de\/wp-json\/wp\/v2\/pages\/9131\/revisions"}],"predecessor-version":[{"id":16665,"href":"https:\/\/www.loghouse.fi\/de\/wp-json\/wp\/v2\/pages\/9131\/revisions\/16665"}],"up":[{"embeddable":true,"href":"https:\/\/www.loghouse.fi\/de\/wp-json\/wp\/v2\/pages\/9115"}],"wp:featuredmedia":[{"embeddable":true,"href":"https:\/\/www.loghouse.fi\/de\/wp-json\/wp\/v2\/media\/2666"}],"wp:attachment":[{"href":"https:\/\/www.loghouse.fi\/de\/wp-json\/wp\/v2\/media?parent=9131"}],"wp:term":[{"taxonomy":"yst_prominent_words","embeddable":true,"href":"https:\/\/www.loghouse.fi\/de\/wp-json\/wp\/v2\/yst_prominent_words?post=9131"}],"curies":[{"name":"wp","href":"https:\/\/api.w.org\/{rel}","templated":true}]}}