{"id":9140,"date":"2017-06-21T20:21:51","date_gmt":"2017-06-21T20:21:51","guid":{"rendered":"https:\/\/www.loghouse.fi\/?page_id=9140\/"},"modified":"2022-05-20T13:59:43","modified_gmt":"2022-05-20T10:59:43","slug":"rovaniemi-blockhauser","status":"publish","type":"page","link":"https:\/\/www.loghouse.fi\/de\/rovaniemi-blockhauser\/","title":{"rendered":"Aito Blockh\u00e4user"},"content":{"rendered":"<p>Das finnische Holzhaus gilt seit jeher als Verk\u00f6rperung hochwertiger Qualit\u00e4t und anderer Traditionen des Holzhausbauses. Finnische Blockh\u00e4user industrieller Erzeugung sind sehr gem\u00fctlich, sch\u00f6n und durchdacht bis ins Kleinste Detail. Ein Holzhaus von einem der besten finnischen Hersteller sind die <a href=\"https:\/\/www.loghouse.fi\/de\/unsere-sammlung\/\">Blockh\u00e4user von Aito<\/a>.<\/p>\n<figure id=\"attachment_2805\" aria-describedby=\"caption-attachment-2805\" style=\"width: 1050px\" class=\"wp-caption alignnone\"><img loading=\"lazy\" decoding=\"async\" class=\"size-full wp-image-8618\" src=\"https:\/\/www.loghouse.fi\/wp-content\/uploads\/2017\/05\/log-house-project-helios.jpg\" alt=\"Rovaniemi ist Lieferant von echten Block Holzh\u00e4usern aus Lappland. \" width=\"1050\" height=\"591\" srcset=\"https:\/\/www.loghouse.fi\/wp-content\/uploads\/2017\/05\/log-house-project-helios.jpg 1050w, https:\/\/www.loghouse.fi\/wp-content\/uploads\/2017\/05\/log-house-project-helios-300x169.jpg 300w, https:\/\/www.loghouse.fi\/wp-content\/uploads\/2017\/05\/log-house-project-helios-768x432.jpg 768w, https:\/\/www.loghouse.fi\/wp-content\/uploads\/2017\/05\/log-house-project-helios-1024x576.jpg 1024w\" sizes=\"auto, (max-width: 1050px) 100vw, 1050px\" \/><figcaption id=\"caption-attachment-2805\" class=\"wp-caption-text\">Aito ist Lieferant von echten Block Holzh\u00e4usern aus Lappland.<\/figcaption><\/figure>\n<p>Aito ist Lieferant von echten Block Holzh\u00e4usern aus Lappland. Seltene <a href=\"https:\/\/www.loghouse.fi\/de\/materialien\/\">High-Tech-Materialien<\/a>, Professionalit\u00e4t und individuelles Herangehen an die Kundenw\u00fcnsche sind nur einige Vorteile von Aito.<\/p>\n<p>Beim Bau von H\u00e4usern von Aito werden moderne High-Tech-Baustoffe, wie <a href=\"https:\/\/www.loghouse.fi\/de\/materialien\/leimbalken\/\">Leimholz<\/a>, verwendet.<\/p>\n<p><img loading=\"lazy\" decoding=\"async\" class=\"alignnone wp-image-15162 size-full\" src=\"https:\/\/www.loghouse.fi\/wp-content\/uploads\/2020\/04\/DSC_2559-Copy-1.jpg\" alt=\"\" width=\"1765\" height=\"1094\" srcset=\"https:\/\/www.loghouse.fi\/wp-content\/uploads\/2020\/04\/DSC_2559-Copy-1.jpg 1765w, https:\/\/www.loghouse.fi\/wp-content\/uploads\/2020\/04\/DSC_2559-Copy-1-300x186.jpg 300w, https:\/\/www.loghouse.fi\/wp-content\/uploads\/2020\/04\/DSC_2559-Copy-1-1024x635.jpg 1024w, https:\/\/www.loghouse.fi\/wp-content\/uploads\/2020\/04\/DSC_2559-Copy-1-768x476.jpg 768w, https:\/\/www.loghouse.fi\/wp-content\/uploads\/2020\/04\/DSC_2559-Copy-1-1536x952.jpg 1536w, https:\/\/www.loghouse.fi\/wp-content\/uploads\/2020\/04\/DSC_2559-Copy-1-860x533.jpg 860w\" sizes=\"auto, (max-width: 1765px) 100vw, 1765px\" \/><\/p>\n<p>Aito verf\u00fcgt \u00fcber eine umfangreiches <a href=\"https:\/\/www.loghouse.fi\/de\/unsere-sammlung\/\">Sortiment Sammlung<\/a> an sch\u00f6nen und funktionellen H\u00e4usern, das hilft, Zeit zu sparen und einen <a href=\"https:\/\/www.loghouse.fi\/de\/dienstleistungen\/entwurf\/\">Entwurf<\/a> zu w\u00e4hlen, der den Forderungen des Kunden maximal entspricht. Neben der Vielfalt von Modelltypen bietet Aito Dienstleistungen zur Erstellung individueller Entw\u00fcrfe an, mit der Zielsetzung, den meist anspruchsvollen Geschmack ihrer Kunden zu entsprechen und Ihnen zu helfen, die k\u00fchnsten Vorhaben und Ideen unserer zuk\u00fcnftigen Blockhausbesitzer zu realisieren.<\/p>\n<blockquote><p>Die Firma hat im Laufe der jahrelangen T\u00e4tigkeit auf dem internationalen Markt viele Erfahrungen in der Herstellung des Blockhausbaues gesammelt und den Status eines der Marktf\u00fchrer im Bereich der Holzhausbaus erreicht.<\/p><\/blockquote>\n<p>In der Firma Aito Blockh\u00e4user arbeitet ein verschworenes Team an Fachleuten, deren F\u00e4higkeiten und Fertigkeiten es erlauben, erfolgreiche und effektive Arbeit in allen Phasen der Zusammenarbeit mit dem Kunden zu gew\u00e4hrleisten. Vielf\u00e4ltige Erfahrungen im Hausbau, der st\u00e4ndiger Kontakt mit dem Kunden in allen Arbeitsphasen, die M\u00f6glichkeit der Lieferbestandsoptimierung sowie die kurzen Realisierungsfristen f\u00fcr Projekte machen den Unterschied zwischen Aito und anderen Firmen aus.<\/p>\n","protected":false},"excerpt":{"rendered":"<p>Das finnische Holzhaus gilt seit jeher als Verk\u00f6rperung hochwertiger Qualit\u00e4t und anderer Traditionen des Holzhausbauses. Finnische Blockh\u00e4user industrieller Erzeugung sind sehr gem\u00fctlich, sch\u00f6n und durchdacht bis ins Kleinste Detail. Ein Holzhaus von einem der besten finnischen Hersteller sind die Blockh\u00e4user von Aito. Aito ist Lieferant von echten Block Holzh\u00e4usern aus [&hellip;]<\/p>\n","protected":false},"author":6,"featured_media":15173,"parent":0,"menu_order":1,"comment_status":"closed","ping_status":"closed","template":"page-templates\/page_one-column.php","meta":{"_acf_changed":false,"footnotes":""},"yst_prominent_words":[1535,3147,2700,2699,2698,2697,2696,1538,1537,1536,1510,1533,1532,1531,1520,1519,1514,1513,1512,1511],"class_list":["post-9140","page","type-page","status-publish","has-post-thumbnail","hentry"],"acf":[],"_links":{"self":[{"href":"https:\/\/www.loghouse.fi\/de\/wp-json\/wp\/v2\/pages\/9140","targetHints":{"allow":["GET"]}}],"collection":[{"href":"https:\/\/www.loghouse.fi\/de\/wp-json\/wp\/v2\/pages"}],"about":[{"href":"https:\/\/www.loghouse.fi\/de\/wp-json\/wp\/v2\/types\/page"}],"author":[{"embeddable":true,"href":"https:\/\/www.loghouse.fi\/de\/wp-json\/wp\/v2\/users\/6"}],"replies":[{"embeddable":true,"href":"https:\/\/www.loghouse.fi\/de\/wp-json\/wp\/v2\/comments?post=9140"}],"version-history":[{"count":5,"href":"https:\/\/www.loghouse.fi\/de\/wp-json\/wp\/v2\/pages\/9140\/revisions"}],"predecessor-version":[{"id":16202,"href":"https:\/\/www.loghouse.fi\/de\/wp-json\/wp\/v2\/pages\/9140\/revisions\/16202"}],"wp:featuredmedia":[{"embeddable":true,"href":"https:\/\/www.loghouse.fi\/de\/wp-json\/wp\/v2\/media\/15173"}],"wp:attachment":[{"href":"https:\/\/www.loghouse.fi\/de\/wp-json\/wp\/v2\/media?parent=9140"}],"wp:term":[{"taxonomy":"yst_prominent_words","embeddable":true,"href":"https:\/\/www.loghouse.fi\/de\/wp-json\/wp\/v2\/yst_prominent_words?post=9140"}],"curies":[{"name":"wp","href":"https:\/\/api.w.org\/{rel}","templated":true}]}}