{"id":9151,"date":"2017-06-21T21:26:13","date_gmt":"2017-06-21T21:26:13","guid":{"rendered":"https:\/\/www.loghouse.fi\/?page_id=9151\/"},"modified":"2022-05-23T15:40:52","modified_gmt":"2022-05-23T12:40:52","slug":"materialien","status":"publish","type":"page","link":"https:\/\/www.loghouse.fi\/de\/materialien\/","title":{"rendered":"Unsere Materialien"},"content":{"rendered":"<h2>Material f\u00fcr Blockh\u00e4user aus Finnland<\/h2>\n<p>Holz ist ein lebendiges Material, das die W\u00e4rme im Inneren speichert, wenn es drau\u00dfen kalt ist, und das ein gewisses Ma\u00df an K\u00fchle bewahrt, wenn die Hitze drau\u00dfen unertr\u00e4glich ist. Ein aus nat\u00fcrlichen Materialien gebautes <a href=\"https:\/\/www.loghouse.fi\/de\/unsere-sammlung\/\">Haus<\/a> ist zu allen Jahreszeiten sehr angenehm zu leben und einer der Hauptgr\u00fcnde, warum der Holzbau immer beliebter wird. Finnische Holzh\u00e4user sind ein Symbol f\u00fcr hohe Qualit\u00e4t und langj\u00e4hrige Traditionen im Holzhausbau.<\/p>\n<blockquote><p><em>Aito Log Houses in Finnland bietet eine gro\u00dfe Auswahl an exklusiven und hochwertigen Materialien.<\/em><\/p><\/blockquote>\n<p>Aito Log Houses bietet eine breite Palette von Blockhausmaterialien an. W\u00e4hrend des Herstellungsprozesses werden die B\u00e4ume nicht mechanisch bearbeitet und behalten daher alle ihren nat\u00fcrlichen Charakter.<\/p>\n<h2>Das beste Baumaterial<\/h2>\n<p>Holz ist ein hervorragender Baustoff, der gleichzeitig leicht und stabil ist und eine gro\u00dfe Vielfalt an architektonischen L\u00f6sungen erm\u00f6glicht. Zudem ist es eine \u00f6kologische Wahl: es ist erneuerbar, recycelbar und verbraucht wenig Energie. Die CO2-Bilanz von Holz ist die beste von allen Baumaterialien, und wenn wir mehr mit Holz bauen, w\u00fcrden wir die CO2-Emissionen reduzieren k\u00f6nnen und zur Rettung unseres Planeten beitragen. Holz ist der Baustoff der Zukunft!<\/p>\n<figure id=\"attachment_2771\" aria-describedby=\"caption-attachment-2771\" style=\"width: 1050px\" class=\"wp-caption alignnone\"><img loading=\"lazy\" decoding=\"async\" class=\"size-full wp-image-8518\" src=\"https:\/\/www.loghouse.fi\/wp-content\/uploads\/2016\/06\/photo-13.jpg\" alt=\"Holz ist das beste Baumaterial, welches dem Menschen durch die Natur gegeben ist. Die Materialien von Rovaniemi sind umweltfreundlich und haben einzigartige Eigenschaften.\" width=\"1050\" height=\"788\" srcset=\"https:\/\/www.loghouse.fi\/wp-content\/uploads\/2016\/06\/photo-13.jpg 1050w, https:\/\/www.loghouse.fi\/wp-content\/uploads\/2016\/06\/photo-13-300x225.jpg 300w, https:\/\/www.loghouse.fi\/wp-content\/uploads\/2016\/06\/photo-13-768x576.jpg 768w, https:\/\/www.loghouse.fi\/wp-content\/uploads\/2016\/06\/photo-13-1024x768.jpg 1024w\" sizes=\"auto, (max-width: 1050px) 100vw, 1050px\" \/><figcaption id=\"caption-attachment-2771\" class=\"wp-caption-text\">Finnische W\u00e4lder sind die Quelle f\u00fcr unsere \u00f6kologischen Blockhausmaterialien.<\/figcaption><\/figure>\n<h2>Gesundheit und Wohlbefinden<\/h2>\n<p>Holz hat die F\u00e4higkeit, den idealen Feuchtigkeitsgehalt im Haus zu regulieren und zu einer besseren Luftqualit\u00e4t beizutragen. Finnisches Kiefernholz enth\u00e4lt auch \u00e4therische \u00d6le, die nicht nur leicht und angenehm duften, sondern aufgrund ihrer antibakteriellen Eigenschaften auch positive Auswirkungen auf unsere Gesundheit haben. Das Blockhaus ist eine ideale Wahl f\u00fcr all jene, denen die Gesundheit wichtig ist.<\/p>\n<h2>Material f\u00fcr jeden Geschmack<\/h2>\n<p>Aito Log Houses bietet eine breite Palette von Blockhausprofilen und -gr\u00f6\u00dfen an. Die Kunden k\u00f6nnen die am besten geeignete Gr\u00f6\u00dfe entsprechend ihrer Hausspezifikation, den klimatischen Bedingungen und ihrem Budget ausw\u00e4hlen. Zum Beispiel hat Aito Log Houses f\u00fcr raue Klimabedingungen verleimte, <a href=\"https:\/\/www.loghouse.fi\/de\/materialien\/leimbalken\/\">laminierte Blockbohlen<\/a> mit einer Gr\u00f6\u00dfe von 240 mm x 270 mm entwickelt. H\u00e4user, die aus solchen St\u00e4mmen gebaut werden, eignen sich f\u00fcr das Wohnen in den schwierigsten Klimabedingungen.<\/p>\n<blockquote><p><em>Die Wahl der Materialien h\u00e4ngt von den pers\u00f6nlichen Vorlieben des Kunden, dem Budget und dem Zweck des zuk\u00fcnftigen Hauses ab.<\/em><\/p><\/blockquote>\n<p>Die <a href=\"https:\/\/www.loghouse.fi\/de\/materialien\/leimbalken\/\">laminierten Vierkanth\u00f6lzer<\/a> erm\u00f6glichen eine moderne und zeitgem\u00e4\u00dfe Architektur aus echtem Holz und sind daher eine gute Wahl f\u00fcr die st\u00e4dtische Umgebung.<\/p>\n<p>Sehen Sie sich die Liste unserer <a href=\"https:\/\/www.loghouse.fi\/de\/dop\/\">PEFC- und DoP-Zertifikate<\/a> an.<\/p>\n","protected":false},"excerpt":{"rendered":"<p>Material f\u00fcr Blockh\u00e4user aus Finnland Holz ist ein lebendiges Material, das die W\u00e4rme im Inneren speichert, wenn es drau\u00dfen kalt ist, und das ein gewisses Ma\u00df an K\u00fchle bewahrt, wenn die Hitze drau\u00dfen unertr\u00e4glich ist. Ein aus nat\u00fcrlichen Materialien gebautes Haus ist zu allen Jahreszeiten sehr angenehm zu leben und [&hellip;]<\/p>\n","protected":false},"author":6,"featured_media":0,"parent":0,"menu_order":3,"comment_status":"closed","ping_status":"closed","template":"page-templates\/page_materials.php","meta":{"_acf_changed":false,"footnotes":""},"yst_prominent_words":[1573,3159,3158,3157,3156,1584,1583,1582,1581,1579,228,1571,1570,1569,1568,1567,1560,1339,1327,1032],"class_list":["post-9151","page","type-page","status-publish","hentry"],"acf":[],"_links":{"self":[{"href":"https:\/\/www.loghouse.fi\/de\/wp-json\/wp\/v2\/pages\/9151","targetHints":{"allow":["GET"]}}],"collection":[{"href":"https:\/\/www.loghouse.fi\/de\/wp-json\/wp\/v2\/pages"}],"about":[{"href":"https:\/\/www.loghouse.fi\/de\/wp-json\/wp\/v2\/types\/page"}],"author":[{"embeddable":true,"href":"https:\/\/www.loghouse.fi\/de\/wp-json\/wp\/v2\/users\/6"}],"replies":[{"embeddable":true,"href":"https:\/\/www.loghouse.fi\/de\/wp-json\/wp\/v2\/comments?post=9151"}],"version-history":[{"count":6,"href":"https:\/\/www.loghouse.fi\/de\/wp-json\/wp\/v2\/pages\/9151\/revisions"}],"predecessor-version":[{"id":16212,"href":"https:\/\/www.loghouse.fi\/de\/wp-json\/wp\/v2\/pages\/9151\/revisions\/16212"}],"wp:attachment":[{"href":"https:\/\/www.loghouse.fi\/de\/wp-json\/wp\/v2\/media?parent=9151"}],"wp:term":[{"taxonomy":"yst_prominent_words","embeddable":true,"href":"https:\/\/www.loghouse.fi\/de\/wp-json\/wp\/v2\/yst_prominent_words?post=9151"}],"curies":[{"name":"wp","href":"https:\/\/api.w.org\/{rel}","templated":true}]}}