{"id":9161,"date":"2017-06-21T21:56:06","date_gmt":"2017-06-21T21:56:06","guid":{"rendered":"https:\/\/www.loghouse.fi\/?page_id=9161\/"},"modified":"2022-05-31T09:24:17","modified_gmt":"2022-05-31T06:24:17","slug":"laminierte-kantholzer","status":"publish","type":"page","link":"https:\/\/www.loghouse.fi\/de\/materialien\/laminierte-kantholzer\/","title":{"rendered":"Laminierte Kanth\u00f6lzer der Aito Blockh\u00e4user"},"content":{"rendered":"<p>Unsere laminierten Kanth\u00f6lzer werden mit hochmodernen technologischen Anlagen hergestellt. Die gefr\u00e4sten unbehandelte Holzbretter, von L\u00e4ngss\u00e4gen bearbeitet, werden anschlie\u00dfend zusammengeleimt. Beim S\u00e4gen eines Baumstammes wird die so genannte Holzspannung, die sich im Laufe des Wachstums zwischen den Jahresringen aufgebaut hat, entfernt. Wird diese &#8222;Spannung&#8220; nicht aus einem Holzstamm entfernt, kann er sich w\u00e4hrend des Trocknungsprozesses verformen oder verdrehen. Nach dem Trocknen wird das Holz auf die h\u00f6chste Stufe der Reinheit gehobelt. Die getrockneten St\u00fccke werden mit Hilfe von Spezialleim der L\u00e4nge nach verleimt und anschlie\u00dfend erneut gehobelt. Danach werden sie in einer speziellen Verpackung gesammelt und unter eine Spezialpresse gelegt. Ein gebrauchsfertiger Baumstamm wurde gefr\u00e4st, bis ein fertiger Holzblock entsteht.<\/p>\n<p>Die Wahl der Balkengr\u00f6\u00dfe h\u00e4ngt von den klimatischen Bedingungen am Standort des Geb\u00e4udes und vom Verwendungszweck des zuk\u00fcnftigen Hauses ab. Das laminierte Massivholz sieht in Projekten, die im skandinavischen Stil entworfen wurden gut aus, da es die strenge Eleganz und reine Architektur dieses besonderen Stils hervorragend unterstreicht.<\/p>\n<p>Aito Log Houses bietet seit neustem auch einen neuen Eckwinkel an, genannt \u201ecity corner\u201c. Dieser besitzt keine \u00dcberschneidungen mehr und ist somit perfekt angepasst f\u00fcr den Geb\u00e4udebau in st\u00e4dtischer Umgebung.<\/p>\n<p><strong>Vorteile der laminierten Kanth\u00f6lzer:<\/strong><\/p>\n<ul>\n<li>schnelle Montage durch eine Fertigung mit hoher Pr\u00e4zision<\/li>\n<li>Laminierungsprozess stabilisiert das Holz, St\u00e4mme verformen sich nicht<\/li>\n<li>Festigkeit und St\u00e4rke<\/li>\n<li>Perfekte Feuchtigkeitskontrolle w\u00e4hrend Trocknungsprozess<\/li>\n<li>Weniger Risse auf Oberfl\u00e4che im Vergleich zu Massivholz<\/li>\n<li>Geringere und begrenzte Setzung im Vergleich zu Massivholz<\/li>\n<\/ul>\n","protected":false},"excerpt":{"rendered":"<p>Unsere laminierten Kanth\u00f6lzer werden mit hochmodernen technologischen Anlagen hergestellt. Die gefr\u00e4sten unbehandelte Holzbretter, von L\u00e4ngss\u00e4gen bearbeitet, werden anschlie\u00dfend zusammengeleimt. Beim S\u00e4gen eines Baumstammes wird die so genannte Holzspannung, die sich im Laufe des Wachstums zwischen den Jahresringen aufgebaut hat, entfernt. Wird diese &#8222;Spannung&#8220; nicht aus einem Holzstamm entfernt, kann er [&hellip;]<\/p>\n","protected":false},"author":6,"featured_media":1974,"parent":9151,"menu_order":3,"comment_status":"closed","ping_status":"closed","template":"page-templates\/page_materials.php","meta":{"_acf_changed":false,"footnotes":""},"yst_prominent_words":[1606,3162,3161,3160,3158,3157,3156,2877,2838,1607,1337,1605,1604,1603,1602,1601,1600,1599,1570,1350],"class_list":["post-9161","page","type-page","status-publish","has-post-thumbnail","hentry"],"acf":[],"_links":{"self":[{"href":"https:\/\/www.loghouse.fi\/de\/wp-json\/wp\/v2\/pages\/9161","targetHints":{"allow":["GET"]}}],"collection":[{"href":"https:\/\/www.loghouse.fi\/de\/wp-json\/wp\/v2\/pages"}],"about":[{"href":"https:\/\/www.loghouse.fi\/de\/wp-json\/wp\/v2\/types\/page"}],"author":[{"embeddable":true,"href":"https:\/\/www.loghouse.fi\/de\/wp-json\/wp\/v2\/users\/6"}],"replies":[{"embeddable":true,"href":"https:\/\/www.loghouse.fi\/de\/wp-json\/wp\/v2\/comments?post=9161"}],"version-history":[{"count":3,"href":"https:\/\/www.loghouse.fi\/de\/wp-json\/wp\/v2\/pages\/9161\/revisions"}],"predecessor-version":[{"id":16215,"href":"https:\/\/www.loghouse.fi\/de\/wp-json\/wp\/v2\/pages\/9161\/revisions\/16215"}],"up":[{"embeddable":true,"href":"https:\/\/www.loghouse.fi\/de\/wp-json\/wp\/v2\/pages\/9151"}],"wp:featuredmedia":[{"embeddable":true,"href":"https:\/\/www.loghouse.fi\/de\/wp-json\/wp\/v2\/media\/1974"}],"wp:attachment":[{"href":"https:\/\/www.loghouse.fi\/de\/wp-json\/wp\/v2\/media?parent=9161"}],"wp:term":[{"taxonomy":"yst_prominent_words","embeddable":true,"href":"https:\/\/www.loghouse.fi\/de\/wp-json\/wp\/v2\/yst_prominent_words?post=9161"}],"curies":[{"name":"wp","href":"https:\/\/api.w.org\/{rel}","templated":true}]}}