{"id":12264,"date":"2016-06-25T20:06:18","date_gmt":"2016-06-25T20:06:18","guid":{"rendered":"https:\/\/www.loghouse.fi\/rovaniemi-log-house\/"},"modified":"2023-01-16T12:52:48","modified_gmt":"2023-01-16T10:52:48","slug":"rovaniemi-hirsitalot","status":"publish","type":"page","link":"https:\/\/www.loghouse.fi\/fi\/rovaniemi-hirsitalot\/","title":{"rendered":"Aito Hirsitalot"},"content":{"rendered":"<h2 class=\"p1\">Lapissa tehty<\/h2>\n<p>Aito Hirsitalot on rovaniemel\u00e4inen laadukkaiden lappilaisten hirsitalojen toimittaja. Teknologiset innovaatiot sek\u00e4 korkea laatu ovat taanneet sen, ett\u00e4 yrityksell\u00e4mme on laaja ja yh\u00e4 kasvava m\u00e4\u00e4r\u00e4 tyytyv\u00e4isi\u00e4 asiakkaita niin Suomessa kuin ymp\u00e4ri maailmaa. Kotimaan lis\u00e4ksi yrityksemme hirsitaloja vied\u00e4\u00e4n Eurooppaan ja Aasiaan. P\u00e4\u00e4konttorimme sijaitsee Rovaniemen Napapiirill\u00e4, l\u00e4hell\u00e4 <a href=\"http:\/\/www.santaclausvillage.info\/fi\">Joulupukin pajakyl\u00e4\u00e4<\/a>.<\/p>\n<p>Suunnittelemme ja toimitamme yksil\u00f6llisen hirsikodin tai vapaa-ajan asunnon juuri sinun perheesi toiveita ja tarpeita ajatellen.<\/p>\n<figure id=\"attachment_2805\" aria-describedby=\"caption-attachment-2805\" style=\"width: 1050px\" class=\"wp-caption alignnone\"><img loading=\"lazy\" decoding=\"async\" class=\"size-full wp-image-8616\" src=\"https:\/\/www.loghouse.fi\/wp-content\/uploads\/2017\/05\/log-house-project-helios.jpg\" alt=\"Log House project 'Helios' by Rovaniemi Log House.\" width=\"1050\" height=\"591\" srcset=\"https:\/\/www.loghouse.fi\/wp-content\/uploads\/2017\/05\/log-house-project-helios.jpg 1050w, https:\/\/www.loghouse.fi\/wp-content\/uploads\/2017\/05\/log-house-project-helios-300x169.jpg 300w, https:\/\/www.loghouse.fi\/wp-content\/uploads\/2017\/05\/log-house-project-helios-768x432.jpg 768w, https:\/\/www.loghouse.fi\/wp-content\/uploads\/2017\/05\/log-house-project-helios-1024x576.jpg 1024w\" sizes=\"auto, (max-width: 1050px) 100vw, 1050px\" \/><figcaption id=\"caption-attachment-2805\" class=\"wp-caption-text\">Helios-hirsitalomalli<\/figcaption><\/figure>\n<h2 class=\"p1\">Laaja valikoima hirsitalomalleja<\/h2>\n<p class=\"p1\">Yrityksemme hirsitalomalleista l\u00f6ytyy vaihtoehtoja kodikkaista vapaa-ajan asunnoista moderneihin omakotitaloihin. On kyse sitten pienest\u00e4 tai suuresta puutalosta, me suunnittelemme hirsitalosi turvalliseksi ja luonnonmukaiseksi.<\/p>\n<p><strong>Muokkaamme<\/strong> hirsitalomallimme asiakkaan tarpeiden mukaisiksi, ottaen huomioon ostajan omat ideat sek\u00e4 paikalliset olosuhteet ja vaatimukset.<\/p>\n<p><a href=\"https:\/\/www.loghouse.fi\/fi\/rovaniemi-hirsitalot-palvelumme\/talojen-suunnittelupalvelut\/\"><strong>Suunnittelupalvelumme<\/strong><\/a> avulla toteutamme hankkeet yksil\u00f6llisesti asiakkaan tarpeiden ja toiveiden mukaisesti.<\/p>\n<h2 class=\"p1\">Laadukasta puumateriaalia Lapin metsist\u00e4<\/h2>\n<p>Suomalainen puu on erinomainen, ekologinen ja terveellinen vaihtoehto, kun haluat rakentaa itsellesi omakotitalon tai vapaa-ajan asunnon. Hirsitalojemme p\u00e4\u00e4materiaali, suomalainen m\u00e4nty kasvaa hitaasti pohjoisen arktisissa metsiss\u00e4 tihe\u00e4syiseksi ja kest\u00e4v\u00e4ksi. Me sovellamme <strong>PEFC<\/strong>-standardeja puumateriaalihankinnoissamme, ja hirsitaloillamme on <strong>CE-sertifikaatti.<\/strong><\/p>\n<p>Laajasta hirsivalikoimastamme l\u00f6ytyv\u00e4t sek\u00e4 laadukkaat lamellihirret ett\u00e4 modernit painumattomat hirret. Nurkkasalvosratkaisuja tarjoamme perinteisen ristinurkan lis\u00e4ksi my\u00f6s alppihenkisen Tirol nurkan sek\u00e4 minimalistisen Jiirinurkan ilman nurkkaylityst\u00e4.<\/p>\n<p>Lappilainen hirsitalo p\u00e4rj\u00e4\u00e4 kaikissa ilmasto-olosuhteissa.<\/p>\n<p><img loading=\"lazy\" decoding=\"async\" class=\"alignnone wp-image-15168 size-full\" src=\"https:\/\/www.loghouse.fi\/wp-content\/uploads\/2020\/04\/DSC_2569-Copy-1.jpg\" alt=\"\" width=\"1769\" height=\"1100\" srcset=\"https:\/\/www.loghouse.fi\/wp-content\/uploads\/2020\/04\/DSC_2569-Copy-1.jpg 1769w, https:\/\/www.loghouse.fi\/wp-content\/uploads\/2020\/04\/DSC_2569-Copy-1-300x187.jpg 300w, https:\/\/www.loghouse.fi\/wp-content\/uploads\/2020\/04\/DSC_2569-Copy-1-1024x637.jpg 1024w, https:\/\/www.loghouse.fi\/wp-content\/uploads\/2020\/04\/DSC_2569-Copy-1-768x478.jpg 768w, https:\/\/www.loghouse.fi\/wp-content\/uploads\/2020\/04\/DSC_2569-Copy-1-1536x955.jpg 1536w, https:\/\/www.loghouse.fi\/wp-content\/uploads\/2020\/04\/DSC_2569-Copy-1-860x535.jpg 860w\" sizes=\"auto, (max-width: 1769px) 100vw, 1769px\" \/><\/p>\n","protected":false},"excerpt":{"rendered":"<p>Lapissa tehty Aito Hirsitalot on rovaniemel\u00e4inen laadukkaiden lappilaisten hirsitalojen toimittaja. Teknologiset innovaatiot sek\u00e4 korkea laatu ovat taanneet sen, ett\u00e4 yrityksell\u00e4mme on laaja ja yh\u00e4 kasvava m\u00e4\u00e4r\u00e4 tyytyv\u00e4isi\u00e4 asiakkaita niin Suomessa kuin ymp\u00e4ri maailmaa. Kotimaan lis\u00e4ksi yrityksemme hirsitaloja vied\u00e4\u00e4n Eurooppaan ja Aasiaan. P\u00e4\u00e4konttorimme sijaitsee Rovaniemen Napapiirill\u00e4, l\u00e4hell\u00e4 Joulupukin pajakyl\u00e4\u00e4. Suunnittelemme ja [&hellip;]<\/p>\n","protected":false},"author":1,"featured_media":15168,"parent":0,"menu_order":1,"comment_status":"closed","ping_status":"closed","template":"page-templates\/page_one-column.php","meta":{"_acf_changed":false,"footnotes":""},"yst_prominent_words":[390,2809,2725,580,577,575,544,534,533,531,225,316,271,261,246,240,234,228,227,226],"class_list":["post-12264","page","type-page","status-publish","has-post-thumbnail","hentry"],"acf":[],"_links":{"self":[{"href":"https:\/\/www.loghouse.fi\/fi\/wp-json\/wp\/v2\/pages\/12264","targetHints":{"allow":["GET"]}}],"collection":[{"href":"https:\/\/www.loghouse.fi\/fi\/wp-json\/wp\/v2\/pages"}],"about":[{"href":"https:\/\/www.loghouse.fi\/fi\/wp-json\/wp\/v2\/types\/page"}],"author":[{"embeddable":true,"href":"https:\/\/www.loghouse.fi\/fi\/wp-json\/wp\/v2\/users\/1"}],"replies":[{"embeddable":true,"href":"https:\/\/www.loghouse.fi\/fi\/wp-json\/wp\/v2\/comments?post=12264"}],"version-history":[{"count":20,"href":"https:\/\/www.loghouse.fi\/fi\/wp-json\/wp\/v2\/pages\/12264\/revisions"}],"predecessor-version":[{"id":16256,"href":"https:\/\/www.loghouse.fi\/fi\/wp-json\/wp\/v2\/pages\/12264\/revisions\/16256"}],"wp:featuredmedia":[{"embeddable":true,"href":"https:\/\/www.loghouse.fi\/fi\/wp-json\/wp\/v2\/media\/15168"}],"wp:attachment":[{"href":"https:\/\/www.loghouse.fi\/fi\/wp-json\/wp\/v2\/media?parent=12264"}],"wp:term":[{"taxonomy":"yst_prominent_words","embeddable":true,"href":"https:\/\/www.loghouse.fi\/fi\/wp-json\/wp\/v2\/yst_prominent_words?post=12264"}],"curies":[{"name":"wp","href":"https:\/\/api.w.org\/{rel}","templated":true}]}}