{"id":12538,"date":"2016-06-25T20:08:25","date_gmt":"2016-06-25T20:08:25","guid":{"rendered":"https:\/\/www.loghouse.fi\/log-house-materials\/"},"modified":"2022-05-20T14:09:21","modified_gmt":"2022-05-20T11:09:21","slug":"hirsitalomateriaalit","status":"publish","type":"page","link":"https:\/\/www.loghouse.fi\/fi\/hirsitalomateriaalit\/","title":{"rendered":"Hirsitalomateriaalimme"},"content":{"rendered":"<h2><strong>Kotimainen laadukas hirsimateriaali<\/strong><\/h2>\n<p>Puu on hengitt\u00e4v\u00e4 materiaali, joka varastoi l\u00e4mm\u00f6n sis\u00e4lle, kun ulkona on kylm\u00e4\u00e4 ja s\u00e4ilytt\u00e4\u00e4 helteell\u00e4 rakennuksen sis\u00e4viileyden. Luonnollisesta materiaalista rakennettu hirsitalo on miellytt\u00e4v\u00e4 asua kaikkina vuodenaikoina: t\u00e4m\u00e4 on t\u00e4rkeimpi\u00e4 syit\u00e4 sille, miksi puurakentamisesta on tullut yh\u00e4 suositumpaa. Suomalaiset hirsitalot ovat laadun symboli.<\/p>\n<p><em>\u00a0 \u00a0 \u00a0 \u00a0 \u00a0 \u00a0 \u00a0 \u00a0 \u00a0 \u00a0 \u00a0 \u00a0 \u00a0 Aito Hirsitalot tarjoaa laajan valikoiman kotimaisia laadukkaita materiaaleja.<\/em><\/p>\n<p>Aito Hirsitalot tarjoaa laajan valikoiman erilaisia hirsivaihtoehtoja lamellihirrest\u00e4 painumattomaan hirteen.<\/p>\n<figure id=\"attachment_2771\" aria-describedby=\"caption-attachment-2771\" style=\"width: 1050px\" class=\"wp-caption alignnone\"><img loading=\"lazy\" decoding=\"async\" class=\"size-full wp-image-8516\" src=\"https:\/\/www.loghouse.fi\/wp-content\/uploads\/2016\/06\/photo-13.jpg\" alt=\"Lappish forests are the source for our ecological log house materials.\" width=\"1050\" height=\"788\" srcset=\"https:\/\/www.loghouse.fi\/wp-content\/uploads\/2016\/06\/photo-13.jpg 1050w, https:\/\/www.loghouse.fi\/wp-content\/uploads\/2016\/06\/photo-13-300x225.jpg 300w, https:\/\/www.loghouse.fi\/wp-content\/uploads\/2016\/06\/photo-13-768x576.jpg 768w, https:\/\/www.loghouse.fi\/wp-content\/uploads\/2016\/06\/photo-13-1024x768.jpg 1024w\" sizes=\"auto, (max-width: 1050px) 100vw, 1050px\" \/><figcaption id=\"caption-attachment-2771\" class=\"wp-caption-text\"><em>\u00a0 \u00a0 \u00a0 \u00a0 \u00a0 \u00a0 \u00a0 \u00a0 \u00a0 \u00a0 \u00a0Kotimaisten ekologisten hirsitalojemme raakamateriaalit tulevat lappilaisista metsist\u00e4.<\/em><\/figcaption><\/figure>\n<h2><strong>Parhaat rakennusmateriaalit<\/strong><\/h2>\n<p>Puu on erinomainen rakennusmateriaali, sill\u00e4 se on kevytt\u00e4 ja kest\u00e4v\u00e4\u00e4. Puu mahdollistaa yksil\u00f6lliset suunnitteluratkaisut.\u00a0 Suomalainen puu on ekologinen vaihtoehto: se on uudistuva, kierr\u00e4tett\u00e4v\u00e4 ja v\u00e4h\u00e4n energiaa kuluttava. Mit\u00e4 tulee hiilidioksidip\u00e4\u00e4st\u00f6ihin, niin puu on ymp\u00e4rist\u00f6yst\u00e4v\u00e4llisint\u00e4 kaikista rakennusmateriaaleista: puurakentaminen auttaa v\u00e4hent\u00e4m\u00e4\u00e4n CO\u2082 p\u00e4\u00e4st\u00f6j\u00e4, ja t\u00e4ten on tehokas tapa taistella ilmaston l\u00e4mpenemist\u00e4 vastaan. Puu on tulevaisuuden rakennusmateriaali.<\/p>\n","protected":false},"excerpt":{"rendered":"<p>Kotimainen laadukas hirsimateriaali Puu on hengitt\u00e4v\u00e4 materiaali, joka varastoi l\u00e4mm\u00f6n sis\u00e4lle, kun ulkona on kylm\u00e4\u00e4 ja s\u00e4ilytt\u00e4\u00e4 helteell\u00e4 rakennuksen sis\u00e4viileyden. Luonnollisesta materiaalista rakennettu hirsitalo on miellytt\u00e4v\u00e4 asua kaikkina vuodenaikoina: t\u00e4m\u00e4 on t\u00e4rkeimpi\u00e4 syit\u00e4 sille, miksi puurakentamisesta on tullut yh\u00e4 suositumpaa. Suomalaiset hirsitalot ovat laadun symboli. \u00a0 \u00a0 \u00a0 \u00a0 \u00a0 [&hellip;]<\/p>\n","protected":false},"author":1,"featured_media":3084,"parent":0,"menu_order":3,"comment_status":"closed","ping_status":"closed","template":"page-templates\/page_materials.php","meta":{"_acf_changed":false,"footnotes":""},"yst_prominent_words":[565,2725,2724,596,595,594,587,571,569,566,226,519,510,506,505,471,402,390,246,240],"class_list":["post-12538","page","type-page","status-publish","has-post-thumbnail","hentry"],"acf":[],"_links":{"self":[{"href":"https:\/\/www.loghouse.fi\/fi\/wp-json\/wp\/v2\/pages\/12538","targetHints":{"allow":["GET"]}}],"collection":[{"href":"https:\/\/www.loghouse.fi\/fi\/wp-json\/wp\/v2\/pages"}],"about":[{"href":"https:\/\/www.loghouse.fi\/fi\/wp-json\/wp\/v2\/types\/page"}],"author":[{"embeddable":true,"href":"https:\/\/www.loghouse.fi\/fi\/wp-json\/wp\/v2\/users\/1"}],"replies":[{"embeddable":true,"href":"https:\/\/www.loghouse.fi\/fi\/wp-json\/wp\/v2\/comments?post=12538"}],"version-history":[{"count":9,"href":"https:\/\/www.loghouse.fi\/fi\/wp-json\/wp\/v2\/pages\/12538\/revisions"}],"predecessor-version":[{"id":16204,"href":"https:\/\/www.loghouse.fi\/fi\/wp-json\/wp\/v2\/pages\/12538\/revisions\/16204"}],"wp:featuredmedia":[{"embeddable":true,"href":"https:\/\/www.loghouse.fi\/fi\/wp-json\/wp\/v2\/media\/3084"}],"wp:attachment":[{"href":"https:\/\/www.loghouse.fi\/fi\/wp-json\/wp\/v2\/media?parent=12538"}],"wp:term":[{"taxonomy":"yst_prominent_words","embeddable":true,"href":"https:\/\/www.loghouse.fi\/fi\/wp-json\/wp\/v2\/yst_prominent_words?post=12538"}],"curies":[{"name":"wp","href":"https:\/\/api.w.org\/{rel}","templated":true}]}}