{"id":12561,"date":"2016-06-26T18:26:31","date_gmt":"2016-06-26T18:26:31","guid":{"rendered":"https:\/\/www.loghouse.fi\/hirsitalomateriaalit\/non-settling-log\/"},"modified":"2023-01-16T13:02:34","modified_gmt":"2023-01-16T11:02:34","slug":"painumaton-hirsi","status":"publish","type":"page","link":"https:\/\/www.loghouse.fi\/fi\/hirsitalomateriaalit\/painumaton-hirsi\/","title":{"rendered":"Aito hirsitalojen painumaton hirsi"},"content":{"rendered":"<p>Laskeutumaton eli painumaton hirsi on hirsitalorakentamisen uusimpia innovaatiota.<\/p>\n<p>Painumattomassa hirress\u00e4 osa lamelleista on asetettu pystysuuntaan, jolloin hirren painuminen saadaan mahdollisimman v\u00e4h\u00e4iseksi.\u00a0 Painumattomat hirret on tehty useista kerroksista ristiin liimatuista lamelleista. Keskilamelleista suurimmalla osalla on syysuunta pystyyn.\u00a0 Painumaton hirsi poistaa hirsitalojen laskeutumisilmi\u00f6n, jota esiintyy jonkin verran perinteisest\u00e4 lamellihirrest\u00e4 ja erityisesti massiivihirrest\u00e4 tehdyiss\u00e4 hirsitaloissa. T\u00e4m\u00e4 mahdollistaa mm. sen, ett\u00e4 puurakennuksista voidaan tehd\u00e4 entist\u00e4 korkeampia.<\/p>\n<p>Painumattomuuden ansiosta voidaan rakennusten julkisivuissa yhdistell\u00e4 hirren kanssa helpommin muita rakennusmateriaaleja kuten ter\u00e4st\u00e4, lasia ja kivi\u00e4.\u00a0 Painumaton hirsi edustaa tulevaisuuden puurakentamista.<\/p>\n<h3>Painumattoman hirren etuja:<\/h3>\n<ul>\n<li>Nopea hirsitalon pystytt\u00e4minen, koska hirret on valmistettu erityisell\u00e4 tarkkuudella<\/li>\n<li>Nimens\u00e4 mukaisesti ei laskeutumista \/ painumista<\/li>\n<li>Ei s\u00e4\u00e4t\u00f6tarvetta rakennusvaiheen j\u00e4lkeen<\/li>\n<li>Mahdollistaa korkeammat rakennukset<\/li>\n<li>Enemm\u00e4n rakennustaiteellista vapautta sek\u00e4 tyylik\u00e4s ja elegantti design<\/li>\n<li>Tulevaisuuden rakennusmateriaali.<\/li>\n<\/ul>\n","protected":false},"excerpt":{"rendered":"<p>Laskeutumaton eli painumaton hirsi on hirsitalorakentamisen uusimpia innovaatiota. Painumattomassa hirress\u00e4 osa lamelleista on asetettu pystysuuntaan, jolloin hirren painuminen saadaan mahdollisimman v\u00e4h\u00e4iseksi.\u00a0 Painumattomat hirret on tehty useista kerroksista ristiin liimatuista lamelleista. Keskilamelleista suurimmalla osalla on syysuunta pystyyn.\u00a0 Painumaton hirsi poistaa hirsitalojen laskeutumisilmi\u00f6n, jota esiintyy jonkin verran perinteisest\u00e4 lamellihirrest\u00e4 ja erityisesti massiivihirrest\u00e4 [&hellip;]<\/p>\n","protected":false},"author":1,"featured_media":16258,"parent":12538,"menu_order":4,"comment_status":"closed","ping_status":"closed","template":"page-templates\/page_materials.php","meta":{"_acf_changed":false,"footnotes":""},"yst_prominent_words":[235,411,440,497,528,609,610,611,612,614,2724,2725,2741,2885,2886],"class_list":["post-12561","page","type-page","status-publish","has-post-thumbnail","hentry"],"acf":[],"_links":{"self":[{"href":"https:\/\/www.loghouse.fi\/fi\/wp-json\/wp\/v2\/pages\/12561","targetHints":{"allow":["GET"]}}],"collection":[{"href":"https:\/\/www.loghouse.fi\/fi\/wp-json\/wp\/v2\/pages"}],"about":[{"href":"https:\/\/www.loghouse.fi\/fi\/wp-json\/wp\/v2\/types\/page"}],"author":[{"embeddable":true,"href":"https:\/\/www.loghouse.fi\/fi\/wp-json\/wp\/v2\/users\/1"}],"replies":[{"embeddable":true,"href":"https:\/\/www.loghouse.fi\/fi\/wp-json\/wp\/v2\/comments?post=12561"}],"version-history":[{"count":4,"href":"https:\/\/www.loghouse.fi\/fi\/wp-json\/wp\/v2\/pages\/12561\/revisions"}],"predecessor-version":[{"id":16191,"href":"https:\/\/www.loghouse.fi\/fi\/wp-json\/wp\/v2\/pages\/12561\/revisions\/16191"}],"up":[{"embeddable":true,"href":"https:\/\/www.loghouse.fi\/fi\/wp-json\/wp\/v2\/pages\/12538"}],"wp:featuredmedia":[{"embeddable":true,"href":"https:\/\/www.loghouse.fi\/fi\/wp-json\/wp\/v2\/media\/16258"}],"wp:attachment":[{"href":"https:\/\/www.loghouse.fi\/fi\/wp-json\/wp\/v2\/media?parent=12561"}],"wp:term":[{"taxonomy":"yst_prominent_words","embeddable":true,"href":"https:\/\/www.loghouse.fi\/fi\/wp-json\/wp\/v2\/yst_prominent_words?post=12561"}],"curies":[{"name":"wp","href":"https:\/\/api.w.org\/{rel}","templated":true}]}}