{"id":12576,"date":"2016-06-25T20:07:17","date_gmt":"2016-06-25T20:07:17","guid":{"rendered":"https:\/\/www.loghouse.fi\/rovaniemi-hirsitalot-palvelumme\/log-house-design\/"},"modified":"2024-02-28T10:25:32","modified_gmt":"2024-02-28T08:25:32","slug":"talojen-suunnittelupalvelut","status":"publish","type":"page","link":"https:\/\/www.loghouse.fi\/fi\/aito-hirsitalot-palvelumme\/talojen-suunnittelupalvelut\/","title":{"rendered":"Talojen suunnittelupalvelut"},"content":{"rendered":"<h2><strong>Kotimaisten hirsitalojemme suunnittelu<\/strong><\/h2>\n<p>Hae inspiraatiota tutustumalla talomalleihimme, joista l\u00f6yd\u00e4t erilaisia vaihtoehtoja pienist\u00e4 kodikkaista hirsitaloista luksushuviloihin.<\/p>\n<p>Suomalainen hirsitalojen suunnittelun ja teknologian osaaminen on huipputasoa maailmassa. Suunnittelijamme voivat soveltaa olemassa olevia hirsitalomallejamme asiakkaan tarpeisiin. Usein paras vaihtoehto on aloittaa puhtaalta p\u00f6yd\u00e4lt\u00e4 kun tontti on tiedossa. Suunnittelijamme ja insin\u00f6\u00f6rimme auttavat sinua mielell\u00e4\u00e4n visiosi toteuttamisessa. Voimme my\u00f6s ty\u00f6skennell\u00e4 yhdess\u00e4 osoittamasi ulkopuolisen arkkitehdin kanssa, jonka kanssa sinulle suunnitellaan el\u00e4m\u00e4si talo.<\/p>\n<p>Usein talon rakentaminen on asiakkaallemme yksi el\u00e4m\u00e4n suurimmista hankkeista: meille on t\u00e4rke\u00e4\u00e4 ymm\u00e4rt\u00e4\u00e4 jokaisen asiakkaan yksil\u00f6lliset tarpeet.<\/p>\n<p>Kun talon suunnittelu aloitetaan, on t\u00e4rke\u00e4 hahmottaa jokaisen rakennettavan tontin pinnanmuodot sek\u00e4 paikalliset rakennusm\u00e4\u00e4r\u00e4ykset ja kaavoituksen ehdot.<\/p>\n<h4 style=\"text-align: center;\"><\/h4>\n","protected":false},"excerpt":{"rendered":"<p>Kotimaisten hirsitalojemme suunnittelu Hae inspiraatiota tutustumalla talomalleihimme, joista l\u00f6yd\u00e4t erilaisia vaihtoehtoja pienist\u00e4 kodikkaista hirsitaloista luksushuviloihin. Suomalainen hirsitalojen suunnittelun ja teknologian osaaminen on huipputasoa maailmassa. Suunnittelijamme voivat soveltaa olemassa olevia hirsitalomallejamme asiakkaan tarpeisiin. Usein paras vaihtoehto on aloittaa puhtaalta p\u00f6yd\u00e4lt\u00e4 kun tontti on tiedossa. Suunnittelijamme ja insin\u00f6\u00f6rimme auttavat sinua mielell\u00e4\u00e4n visiosi [&hellip;]<\/p>\n","protected":false},"author":1,"featured_media":8266,"parent":12568,"menu_order":1,"comment_status":"closed","ping_status":"closed","template":"page-templates\/page_one-column.php","meta":{"_acf_changed":false,"footnotes":""},"yst_prominent_words":[246,411,414,508,634,635,636,637,638,639,968,2724,2987,2988,2989],"class_list":["post-12576","page","type-page","status-publish","has-post-thumbnail","hentry"],"acf":[],"_links":{"self":[{"href":"https:\/\/www.loghouse.fi\/fi\/wp-json\/wp\/v2\/pages\/12576","targetHints":{"allow":["GET"]}}],"collection":[{"href":"https:\/\/www.loghouse.fi\/fi\/wp-json\/wp\/v2\/pages"}],"about":[{"href":"https:\/\/www.loghouse.fi\/fi\/wp-json\/wp\/v2\/types\/page"}],"author":[{"embeddable":true,"href":"https:\/\/www.loghouse.fi\/fi\/wp-json\/wp\/v2\/users\/1"}],"replies":[{"embeddable":true,"href":"https:\/\/www.loghouse.fi\/fi\/wp-json\/wp\/v2\/comments?post=12576"}],"version-history":[{"count":5,"href":"https:\/\/www.loghouse.fi\/fi\/wp-json\/wp\/v2\/pages\/12576\/revisions"}],"predecessor-version":[{"id":16666,"href":"https:\/\/www.loghouse.fi\/fi\/wp-json\/wp\/v2\/pages\/12576\/revisions\/16666"}],"up":[{"embeddable":true,"href":"https:\/\/www.loghouse.fi\/fi\/wp-json\/wp\/v2\/pages\/12568"}],"wp:featuredmedia":[{"embeddable":true,"href":"https:\/\/www.loghouse.fi\/fi\/wp-json\/wp\/v2\/media\/8266"}],"wp:attachment":[{"href":"https:\/\/www.loghouse.fi\/fi\/wp-json\/wp\/v2\/media?parent=12576"}],"wp:term":[{"taxonomy":"yst_prominent_words","embeddable":true,"href":"https:\/\/www.loghouse.fi\/fi\/wp-json\/wp\/v2\/yst_prominent_words?post=12576"}],"curies":[{"name":"wp","href":"https:\/\/api.w.org\/{rel}","templated":true}]}}