{"id":12594,"date":"2016-06-25T22:44:57","date_gmt":"2016-06-25T22:44:57","guid":{"rendered":"https:\/\/www.loghouse.fi\/contact\/"},"modified":"2023-01-17T22:17:39","modified_gmt":"2023-01-17T20:17:39","slug":"yhteystiedot-rovaniemi-hirsitalot","status":"publish","type":"page","link":"https:\/\/www.loghouse.fi\/fi\/yhteystiedot-rovaniemi-hirsitalot\/","title":{"rendered":"Yhteystiedot &#8211; Aito Lapland Oy"},"content":{"rendered":"<h2>P\u00e4\u00e4konttori<\/h2>\n<p>Aito Lapland Oy \/ Aito Hirsitalot p\u00e4\u00e4konttori sijaitsee Rovaniemen Napapiirill\u00e4 lentokent\u00e4n ja Joulupukin Pajakyl\u00e4n l\u00e4heisyydess\u00e4. Kiitos eritt\u00e4in korkealuokkaisen suunnitteluosaamisemme, yrityksemme on kotimaassa erikoistunut erityisesti ns. mittatilausty\u00f6n\u00e4 teht\u00e4vien puutalojen toimittamiseen. Mietitk\u00f6 oikeanlaista hirsitalomallia? Haluatko lis\u00e4tietoa rakennushankkeen vaiheista tai kustannuksista? Ota meihin rohkeasti yhteytt\u00e4.<\/p>\n<p><strong>Aito Lapland Oy<\/strong><br \/>\nTeknotie 14-16<br \/>\nFI-96900 Rovaniemi<\/p>\n<p><strong>Puh.: 040 849 49 25<\/strong><br \/>\nE-mail: <a href=\"mailto:info@aitologhouse.fi\">info@aitologhouse.fi<\/a><\/p>\n<p><strong>Lapin alue &amp; Kuusamo<br \/>\n<\/strong>Suunnittelu ja myynti<\/p>\n<p><strong>Kauko Rytilahti<\/strong><\/p>\n<p><strong>Puh.: 050 410 62 03<\/strong><br \/>\nE-mail: <a href=\"mailto:info@aitologhouse.fi\">info@aitologhouse.fi<\/a><\/p>\n<h2>Jakelijamme maailmalla<\/h2>\n<p>Aito Lapland Oyll\u00e4 on kattava kansainv\u00e4linen jakelijaverkosto<\/p>\n<h4>Iso-Britannia<\/h4>\n<p><strong>Log Homes Finland<br \/>\n<\/strong>Longtown, Cumbria<br \/>\nCA6 5PQ<br \/>\nUNITED KINGDOM<\/p>\n<p><a href=\"mailto:darryl@loghomesfinland.co.uk\">darryl@loghomesfinland.co.uk<\/a><br \/>\nPuh: 01228 577 385 &amp; 07881 921 339<br \/>\n<a href=\"http:\/\/www.loghomesfinland.co.uk\">http:\/\/www.loghomesfinland.co.uk<\/a><\/p>\n<h4>Ranska<\/h4>\n<p>Napapiiri Chalets<br \/>\n19 Route de Cornimont<br \/>\n88250 LA BRESSE<br \/>\nPuh. + 33 3 29 28 65 77<br \/>\n<a href=\"mailto:info@napapiiri.fr\">info@napapiiri.fr<\/a><br \/>\n<a href=\"http:\/\/www.napapiiri.fr\">www.napapiiri.fr<\/a><\/p>\n<h4>Norja<\/h4>\n<p>HUS OG HYTTE LAFT AS<br \/>\nBolkesj\u00f8vegen 447<br \/>\n3680 Notodden<br \/>\nPuh: 482 64 626<br \/>\n<a href=\"mailto:trs@husoghyttelaft.no\">trs@husoghyttelaft.no<br \/>\n<\/a><a href=\"http:\/\/www.husoghyttelaft.no\/\" target=\"_blank\" rel=\"noopener noreferrer\">www.husoghyttelaft.no<\/a><\/p>\n<h4>Korea<\/h4>\n<p><strong>Rovaniemi Korea co. ltd<\/strong><br \/>\nMr. Yongtae Lee<br \/>\nTel. 02)415 5704<br \/>\nFax. 02)415 5339<\/p>\n<p>Dongdo-Bld 302.<br \/>\nOlympic -ro, 32gil .22-13<br \/>\nSongpa-gu.seoul<\/p>\n","protected":false},"excerpt":{"rendered":"<p>P\u00e4\u00e4konttori Aito Lapland Oy \/ Aito Hirsitalot p\u00e4\u00e4konttori sijaitsee Rovaniemen Napapiirill\u00e4 lentokent\u00e4n ja Joulupukin Pajakyl\u00e4n l\u00e4heisyydess\u00e4. Kiitos eritt\u00e4in korkealuokkaisen suunnitteluosaamisemme, yrityksemme on kotimaassa erikoistunut erityisesti ns. mittatilausty\u00f6n\u00e4 teht\u00e4vien puutalojen toimittamiseen. Mietitk\u00f6 oikeanlaista hirsitalomallia? Haluatko lis\u00e4tietoa rakennushankkeen vaiheista tai kustannuksista? Ota meihin rohkeasti yhteytt\u00e4. Aito Lapland Oy Teknotie 14-16 FI-96900 Rovaniemi [&hellip;]<\/p>\n","protected":false},"author":1,"featured_media":8206,"parent":0,"menu_order":7,"comment_status":"closed","ping_status":"closed","template":"page-templates\/page_contact.php","meta":{"_acf_changed":false,"footnotes":""},"yst_prominent_words":[257,3100,3099,3098,3097,2975,2974,2903,2898,2724,228,249,248,247,243,242,241,239,238,231],"class_list":["post-12594","page","type-page","status-publish","has-post-thumbnail","hentry"],"acf":[],"_links":{"self":[{"href":"https:\/\/www.loghouse.fi\/fi\/wp-json\/wp\/v2\/pages\/12594","targetHints":{"allow":["GET"]}}],"collection":[{"href":"https:\/\/www.loghouse.fi\/fi\/wp-json\/wp\/v2\/pages"}],"about":[{"href":"https:\/\/www.loghouse.fi\/fi\/wp-json\/wp\/v2\/types\/page"}],"author":[{"embeddable":true,"href":"https:\/\/www.loghouse.fi\/fi\/wp-json\/wp\/v2\/users\/1"}],"replies":[{"embeddable":true,"href":"https:\/\/www.loghouse.fi\/fi\/wp-json\/wp\/v2\/comments?post=12594"}],"version-history":[{"count":20,"href":"https:\/\/www.loghouse.fi\/fi\/wp-json\/wp\/v2\/pages\/12594\/revisions"}],"predecessor-version":[{"id":16306,"href":"https:\/\/www.loghouse.fi\/fi\/wp-json\/wp\/v2\/pages\/12594\/revisions\/16306"}],"wp:featuredmedia":[{"embeddable":true,"href":"https:\/\/www.loghouse.fi\/fi\/wp-json\/wp\/v2\/media\/8206"}],"wp:attachment":[{"href":"https:\/\/www.loghouse.fi\/fi\/wp-json\/wp\/v2\/media?parent=12594"}],"wp:term":[{"taxonomy":"yst_prominent_words","embeddable":true,"href":"https:\/\/www.loghouse.fi\/fi\/wp-json\/wp\/v2\/yst_prominent_words?post=12594"}],"curies":[{"name":"wp","href":"https:\/\/api.w.org\/{rel}","templated":true}]}}