{"id":8883,"date":"2017-06-17T16:35:41","date_gmt":"2017-06-17T16:35:41","guid":{"rendered":"https:\/\/www.loghouse.fi\/?page_id=8883\/"},"modified":"2022-05-20T13:53:51","modified_gmt":"2022-05-20T10:53:51","slug":"nos-materiaux","status":"publish","type":"page","link":"https:\/\/www.loghouse.fi\/fr\/nos-materiaux\/","title":{"rendered":"Nos mat\u00e9riaux pour les maisons en bois"},"content":{"rendered":"<h2>Vous avez choisi le bois<\/h2>\n<p>Le bois est un mat\u00e9riau chaleureux, naturel et vivant avec une excellente capacit\u00e9 thermique. Le bois garde la chaleur \u00e0 l&rsquo;int\u00e9rieur quand il fait froid \u00e0 l&rsquo;ext\u00e9rieur et la fra\u00eecheur quand il fait chaud \u00e0 l&rsquo;ext\u00e9rieur. <a href=\"https:\/\/www.loghouse.fi\/fr\/notre-collection\/\">Une maison en bois<\/a> est tr\u00e8s agr\u00e9able \u00e0 vivre toute saison et c&rsquo;est une des raisons pour laquelle la construction en bois conna\u00eet aujourd\u2019hui un succ\u00e8s grandissant.<\/p>\n<h4>Le meilleur mat\u00e9riau de construction<\/h4>\n<p>Le bois est un mat\u00e9riau de construction par excellence: \u00e0 la fois l\u00e9ger et solide, le bois permet des solutions architecturales tr\u00e8s vari\u00e9es. C&rsquo;est aussi un choix \u00e9cologique\u00a0: le bois est renouvelable, recyclable et peu consommateur en \u00e9nergie. Son bilan CO<sub>2<\/sub> est largement sup\u00e9rieure \u00e0 celui des autres mat\u00e9riaux de construction. Construire davantage en bois c&rsquo;est contribuer \u00e0 sauver notre plan\u00e8te. Le bois est l&rsquo;avenir de la construction.<\/p>\n<blockquote><p><em>Le choix des mat\u00e9riaux d\u00e9pend des go\u00fbts du client, budget et l&rsquo;architecture de la future maison.<\/em><\/p><\/blockquote>\n<p>La Finlande est le leader dans ce domaine gr\u00e2ce \u00e0 la qualit\u00e9 de ses ressources foresti\u00e8re, notre savoir-faire et l\u00b4avance technologique.<\/p>\n<h4>Sant\u00e9 et bien-\u00eatre<\/h4>\n<p>Le bois \u00e0 une capacit\u00e9 d\u2019absorption qui permet une r\u00e9gulation pour un \u00e9quilibre id\u00e9al du niveau d\u2019humidit\u00e9 et contribuer \u00e0 une meilleure qualit\u00e9 de l\u2019air int\u00e9rieure. Le pin sylvestre finlandais contient de l\u2019huile essentiel qui, outre son l\u00e9ger parfum agr\u00e9able, a aussi des vertus pour la sant\u00e9 gr\u00e2ce \u00e0 ses propri\u00e9t\u00e9s antibact\u00e9riennes. Si la sant\u00e9 et bien-\u00eatre sont des sujets important pour vous et vos proches, une maison en bois massif s&rsquo;impose.<\/p>\n<figure id=\"attachment_2771\" aria-describedby=\"caption-attachment-2771\" style=\"width: 1050px\" class=\"wp-caption alignnone\"><img loading=\"lazy\" decoding=\"async\" class=\"size-full wp-image-8517\" src=\"https:\/\/www.loghouse.fi\/wp-content\/uploads\/2016\/06\/photo-13.jpg\" alt=\"Le Pin sylvestre contient de l\u2019huile essentiel qui, outre son l\u00e9ger parfum agr\u00e9able, a aussi des vertus pour la sant\u00e9 gr\u00e2ce \u00e0 ses propri\u00e9t\u00e9s antibact\u00e9riennes. \" width=\"1050\" height=\"788\" srcset=\"https:\/\/www.loghouse.fi\/wp-content\/uploads\/2016\/06\/photo-13.jpg 1050w, https:\/\/www.loghouse.fi\/wp-content\/uploads\/2016\/06\/photo-13-300x225.jpg 300w, https:\/\/www.loghouse.fi\/wp-content\/uploads\/2016\/06\/photo-13-768x576.jpg 768w, https:\/\/www.loghouse.fi\/wp-content\/uploads\/2016\/06\/photo-13-1024x768.jpg 1024w\" sizes=\"auto, (max-width: 1050px) 100vw, 1050px\" \/><figcaption id=\"caption-attachment-2771\" class=\"wp-caption-text\">Le pin sylvestre contient de l\u2019huile essentiel qui, outre son l\u00e9ger parfum agr\u00e9able, a aussi des vertus pour la sant\u00e9 gr\u00e2ce \u00e0 ses propri\u00e9t\u00e9s antibact\u00e9riennes.<\/figcaption><\/figure>\n<h4>Chaleureux et confortable<\/h4>\n<p>Une maison en bois massif n\u2019est pas qu\u2019un simple b\u00e2timent, notre entreprise <a href=\"https:\/\/www.loghouse.fi\/fr\/producteur-constructeur-maisons-bois\/\">Aito Maisons en Bois<\/a> est l\u00e0 afin de vous aider \u00e0 cr\u00e9er tout un univers chaleureux et confortable qui ne ressemble qu\u2019\u00e0 vous.<\/p>\n<h4>Bois pour tous les go\u00fbts<\/h4>\n<p>Aito Maisons en Bois offre une large gamme des profils et sections en bois pour satisfaire tous les exigences. Nous proposons tous les diff\u00e9rents types de bois de construction connus dans l\u2019industrie comme les <a href=\"https:\/\/www.loghouse.fi\/fr\/nos-materiaux\/madriers-contrecolle\/\">madriers contrecoll\u00e9s<\/a>\u00a0ainsi que notre nouveaut\u00e9 <a href=\"https:\/\/www.loghouse.fi\/fr\/nos-materiaux\/smartlog-lamelle-croisee-multicouche\/\">Smart Log<\/a>.<\/p>\n<p>Les <a href=\"https:\/\/www.loghouse.fi\/fr\/nos-materiaux\/\">mat\u00e9riaux<\/a> d&rsquo;Aito Maisons en bois sont disponibles dans une grande vari\u00e9t\u00e9 de tailles.<\/p>\n<p>Notamment le madrier contrecoll\u00e9\u00a0 permettre une architecture plus sobre, c\u00b4est un choix plus moderne, contemporain et aussi mieux adapt\u00e9 dans un environnement urbain.<\/p>\n","protected":false},"excerpt":{"rendered":"<p>Vous avez choisi le bois Le bois est un mat\u00e9riau chaleureux, naturel et vivant avec une excellente capacit\u00e9 thermique. Le bois garde la chaleur \u00e0 l&rsquo;int\u00e9rieur quand il fait froid \u00e0 l&rsquo;ext\u00e9rieur et la fra\u00eecheur quand il fait chaud \u00e0 l&rsquo;ext\u00e9rieur. Une maison en bois est tr\u00e8s agr\u00e9able \u00e0 vivre [&hellip;]<\/p>\n","protected":false},"author":6,"featured_media":1974,"parent":0,"menu_order":3,"comment_status":"closed","ping_status":"closed","template":"page-templates\/page_materials.php","meta":{"_acf_changed":false,"footnotes":""},"yst_prominent_words":[746,2945,757,753,752,751,750,749,748,747,671,745,744,743,742,729,728,727,673,672],"class_list":["post-8883","page","type-page","status-publish","has-post-thumbnail","hentry"],"acf":[],"_links":{"self":[{"href":"https:\/\/www.loghouse.fi\/fr\/wp-json\/wp\/v2\/pages\/8883","targetHints":{"allow":["GET"]}}],"collection":[{"href":"https:\/\/www.loghouse.fi\/fr\/wp-json\/wp\/v2\/pages"}],"about":[{"href":"https:\/\/www.loghouse.fi\/fr\/wp-json\/wp\/v2\/types\/page"}],"author":[{"embeddable":true,"href":"https:\/\/www.loghouse.fi\/fr\/wp-json\/wp\/v2\/users\/6"}],"replies":[{"embeddable":true,"href":"https:\/\/www.loghouse.fi\/fr\/wp-json\/wp\/v2\/comments?post=8883"}],"version-history":[{"count":6,"href":"https:\/\/www.loghouse.fi\/fr\/wp-json\/wp\/v2\/pages\/8883\/revisions"}],"predecessor-version":[{"id":16201,"href":"https:\/\/www.loghouse.fi\/fr\/wp-json\/wp\/v2\/pages\/8883\/revisions\/16201"}],"wp:featuredmedia":[{"embeddable":true,"href":"https:\/\/www.loghouse.fi\/fr\/wp-json\/wp\/v2\/media\/1974"}],"wp:attachment":[{"href":"https:\/\/www.loghouse.fi\/fr\/wp-json\/wp\/v2\/media?parent=8883"}],"wp:term":[{"taxonomy":"yst_prominent_words","embeddable":true,"href":"https:\/\/www.loghouse.fi\/fr\/wp-json\/wp\/v2\/yst_prominent_words?post=8883"}],"curies":[{"name":"wp","href":"https:\/\/api.w.org\/{rel}","templated":true}]}}