{"id":8892,"date":"2017-06-17T17:17:45","date_gmt":"2017-06-17T17:17:45","guid":{"rendered":"https:\/\/www.loghouse.fi\/?page_id=8892\/"},"modified":"2021-04-10T16:21:18","modified_gmt":"2021-04-10T13:21:18","slug":"madriers-contrecolle-maisons-en-bois","status":"publish","type":"page","link":"https:\/\/www.loghouse.fi\/fr\/nos-materiaux\/madriers-contrecolle-maisons-en-bois\/","title":{"rendered":"Madriers contrecoll\u00e9s d&rsquo;Aito Maisons en Bois"},"content":{"rendered":"<p>Notre fabrication des maisons en bois en madriers contrecoll\u00e9s utilise la technologie la plus moderne et avanc\u00e9e dans notre industrie. La m\u00e9thode contrecoll\u00e9 permettre de lib\u00e9rer la \u00ab\u00a0tension\u00a0\u00bb du bois et stabiliser le madrier. Si cette \u00ab\u00a0tension\u00a0\u00bb n\u2019est pas supprim\u00e9e, le madrier risque de se d\u00e9former, se tordre et de se fendre.\u00a0 D\u2019abord sci\u00e9es et ensuite parfaitement s\u00e9ch\u00e9es, les pi\u00e8ces sont coll\u00e9es dans le sens de la longueur et pass\u00e9es sous une presse. Une fois form\u00e9, le madrier est rabot\u00e9, profil\u00e9 et usin\u00e9 jusqu\u2019\u00e0 ce qu\u2019il devienne un madrier calibr\u00e9.\u00a0 Chaque pi\u00e8ce est pr\u00e9fabriqu\u00e9e \u00e0 la bonne dimension selon le plan et num\u00e9rot\u00e9 pour correspondre au plan d\u2019ex\u00e9cution.<\/p>\n<p>Le climat et la fonction de la future maison d\u00e9termineront la taille des madriers qui seront utilis\u00e9s. Pour des projets de style scandinave, le madrier contrecoll\u00e9 convient tr\u00e8s bien tant il souligne parfaitement l\u2019\u00e9l\u00e9gance stricte et la sobri\u00e9t\u00e9 de cette architecture.<\/p>\n<p>Aito Maisons en bois pr\u00e9sente un nouveau syst\u00e8me d&rsquo;entaillage pour connecter les angles, le \u00ab\u00a0city corner\u00a0\u00bb &#8211; un angle non-saillant, particuli\u00e8rement adapt\u00e9 aux constructions en milieu urbain.<\/p>\n<figure id=\"attachment_8893\" aria-describedby=\"caption-attachment-8893\" style=\"width: 640px\" class=\"wp-caption alignnone\"><img loading=\"lazy\" decoding=\"async\" class=\"size-large wp-image-8897\" src=\"https:\/\/www.loghouse.fi\/wp-content\/uploads\/2016\/06\/city-corner-wooden-technology-rovaniemi-log-house-1024x683.jpg\" alt=\"Le \u00ab city corner \u00bb est un nouveau syst\u00e8me d\u00b4entaillage pour connecter les angles un angle non-saillant, particuli\u00e8rement adapt\u00e9 aux constructions en milieu urbain.\" width=\"640\" height=\"427\" srcset=\"https:\/\/www.loghouse.fi\/wp-content\/uploads\/2016\/06\/city-corner-wooden-technology-rovaniemi-log-house-1024x683.jpg 1024w, https:\/\/www.loghouse.fi\/wp-content\/uploads\/2016\/06\/city-corner-wooden-technology-rovaniemi-log-house-300x200.jpg 300w, https:\/\/www.loghouse.fi\/wp-content\/uploads\/2016\/06\/city-corner-wooden-technology-rovaniemi-log-house-768x512.jpg 768w, https:\/\/www.loghouse.fi\/wp-content\/uploads\/2016\/06\/city-corner-wooden-technology-rovaniemi-log-house-150x100.jpg 150w, https:\/\/www.loghouse.fi\/wp-content\/uploads\/2016\/06\/city-corner-wooden-technology-rovaniemi-log-house.jpg 1050w\" sizes=\"auto, (max-width: 640px) 100vw, 640px\" \/><figcaption id=\"caption-attachment-8893\" class=\"wp-caption-text\">Le \u00ab\u00a0city corner\u00a0\u00bb est un nouveau syst\u00e8me d&rsquo;entaillage pour connecter les angles d&rsquo;une maisons en bois en angles non-saillants, particuli\u00e8rement adapt\u00e9 aux constructions en milieu urbain.<\/figcaption><\/figure>\n<h3>Les avantages du madrier contrecoll\u00e9 :<\/h3>\n<ul>\n<li>Rapidit\u00e9 de montage des pi\u00e8ces pr\u00e9fabriqu\u00e9es avec grande qualit\u00e9 de pr\u00e9cision<\/li>\n<li>M\u00e9thode contre-collage stabilise le bois, madrier ne se d\u00e9forme pas<\/li>\n<li>Une meilleures r\u00e9sistance par rapport bois massif gr\u00e2ce au proc\u00e9d\u00e9 de collage sp\u00e9cial<\/li>\n<li>Parfait contr\u00f4le de taux de s\u00e9chage du bois avant collage<\/li>\n<li>Niveau tassement limit\u00e9 et moindre<\/li>\n<li>Surface de bois se fissure beaucoup moins par rapport au madrier traditionnel en bois massif<\/li>\n<li>Une grande qualit\u00e9 de surfa\u00e7age o\u00f9 la pr\u00e9cision des d\u00e9tails usin\u00e9s rel\u00e8ve de la fraction de millim\u00e8tre<\/li>\n<li>Les connexions des angles sont tr\u00e8s pr\u00e9cises<\/li>\n<\/ul>\n<p>Si vous souhaitez \u00e9galement r\u00e9aliser votre projet de chalet en bois finlandais sur mesure, n\u2019h\u00e9sitez pas \u00e0 nous contacter <a href=\"https:\/\/www.loghouse.fi\/fr\/nous-contacter\/\">ICI<\/a> ou de contacter notre partenaire local <a href=\"http:\/\/www.napapiiri.fr\/\">Napapiiri Chalet<\/a> en France!<\/p>\n","protected":false},"excerpt":{"rendered":"<p>Notre fabrication des maisons en bois en madriers contrecoll\u00e9s utilise la technologie la plus moderne et avanc\u00e9e dans notre industrie. La m\u00e9thode contrecoll\u00e9 permettre de lib\u00e9rer la \u00ab\u00a0tension\u00a0\u00bb du bois et stabiliser le madrier. Si cette \u00ab\u00a0tension\u00a0\u00bb n\u2019est pas supprim\u00e9e, le madrier risque de se d\u00e9former, se tordre et de [&hellip;]<\/p>\n","protected":false},"author":6,"featured_media":1974,"parent":8883,"menu_order":3,"comment_status":"closed","ping_status":"closed","template":"page-templates\/page_materials.php","meta":{"_acf_changed":false,"footnotes":""},"yst_prominent_words":[806,815,814,813,812,811,810,809,808,807,796,805,804,803,802,801,800,799,798,797],"class_list":["post-8892","page","type-page","status-publish","has-post-thumbnail","hentry"],"acf":[],"_links":{"self":[{"href":"https:\/\/www.loghouse.fi\/fr\/wp-json\/wp\/v2\/pages\/8892","targetHints":{"allow":["GET"]}}],"collection":[{"href":"https:\/\/www.loghouse.fi\/fr\/wp-json\/wp\/v2\/pages"}],"about":[{"href":"https:\/\/www.loghouse.fi\/fr\/wp-json\/wp\/v2\/types\/page"}],"author":[{"embeddable":true,"href":"https:\/\/www.loghouse.fi\/fr\/wp-json\/wp\/v2\/users\/6"}],"replies":[{"embeddable":true,"href":"https:\/\/www.loghouse.fi\/fr\/wp-json\/wp\/v2\/comments?post=8892"}],"version-history":[{"count":5,"href":"https:\/\/www.loghouse.fi\/fr\/wp-json\/wp\/v2\/pages\/8892\/revisions"}],"predecessor-version":[{"id":15906,"href":"https:\/\/www.loghouse.fi\/fr\/wp-json\/wp\/v2\/pages\/8892\/revisions\/15906"}],"up":[{"embeddable":true,"href":"https:\/\/www.loghouse.fi\/fr\/wp-json\/wp\/v2\/pages\/8883"}],"wp:featuredmedia":[{"embeddable":true,"href":"https:\/\/www.loghouse.fi\/fr\/wp-json\/wp\/v2\/media\/1974"}],"wp:attachment":[{"href":"https:\/\/www.loghouse.fi\/fr\/wp-json\/wp\/v2\/media?parent=8892"}],"wp:term":[{"taxonomy":"yst_prominent_words","embeddable":true,"href":"https:\/\/www.loghouse.fi\/fr\/wp-json\/wp\/v2\/yst_prominent_words?post=8892"}],"curies":[{"name":"wp","href":"https:\/\/api.w.org\/{rel}","templated":true}]}}