{"id":8912,"date":"2017-06-17T18:22:43","date_gmt":"2017-06-17T18:22:43","guid":{"rendered":"https:\/\/www.loghouse.fi\/?page_id=8912\/"},"modified":"2024-02-28T11:12:14","modified_gmt":"2024-02-28T09:12:14","slug":"nos-prestations-maison-bois","status":"publish","type":"page","link":"https:\/\/www.loghouse.fi\/fr\/nos-prestations-maison-bois\/","title":{"rendered":"Nos prestations"},"content":{"rendered":"<p>Aito Maisons en Bois est un v\u00e9ritable fournisseur des maisons en bois originales de Laponie, Finlande. Toutes nos maisons sont de la fabrication authentique cr\u00e9\u00e9es avec un design, un savoir-faire et une technologie de la haute qualit\u00e9. Nos maisons en bois sont confortables, belles et bien con\u00e7ues jusqu\u2019 au dernier d\u00e9tail. Nos prestations vont de la conception jusqu\u2019\u00e0 la livraison.<\/p>\n<h2>Design<\/h2>\n<p>Aito Maisons en Bois offre une grande s\u00e9lection de mod\u00e8les de maisons \u00e0 satisfaire les clients les plus exigeants. Les mod\u00e8les peuvent \u00eatre personnalis\u00e9s selon les souhaits et besoins de chaque client.<\/p>\n<p>Nous mettons \u00e0 votre service l\u2019exp\u00e9rience et le savoir-faire de notre \u00e9quipe de dessinateurs et d&rsquo;ing\u00e9nieurs pour r\u00e9aliser des maisons avec une architecture sur mesure.\u00a0 Pour savoir plus sur nos\u00a0<a href=\"https:\/\/www.loghouse.fi\/fr\/nos-prestations\/design\/\">services de design<\/a>.<\/p>\n<h2>Technologie et production<\/h2>\n<figure id=\"attachment_2778\" aria-describedby=\"caption-attachment-2778\" style=\"width: 1050px\" class=\"wp-caption alignnone\"><img loading=\"lazy\" decoding=\"async\" class=\"size-full wp-image-2778\" src=\"https:\/\/www.loghouse.fi\/wp-content\/uploads\/2017\/04\/production.jpg\" alt=\"Rovaniemi maison en bois, l\u00b4expertise en construction bois.\" width=\"1050\" height=\"698\" srcset=\"https:\/\/www.loghouse.fi\/wp-content\/uploads\/2017\/04\/production.jpg 1050w, https:\/\/www.loghouse.fi\/wp-content\/uploads\/2017\/04\/production-860x572.jpg 860w, https:\/\/www.loghouse.fi\/wp-content\/uploads\/2017\/04\/production-300x199.jpg 300w, https:\/\/www.loghouse.fi\/wp-content\/uploads\/2017\/04\/production-768x511.jpg 768w, https:\/\/www.loghouse.fi\/wp-content\/uploads\/2017\/04\/production-1024x681.jpg 1024w, https:\/\/www.loghouse.fi\/wp-content\/uploads\/2017\/04\/production-150x100.jpg 150w\" sizes=\"auto, (max-width: 1050px) 100vw, 1050px\" \/><figcaption id=\"caption-attachment-2778\" class=\"wp-caption-text\">Aito Maisons en Bois, l&rsquo;expertise en construction en bois.<\/figcaption><\/figure>\n<p>Aito Maisons en bois est le sp\u00e9cialiste de technologie de la construction en bois. Nous avons le savoir-faire, l\u2019exp\u00e9rience et la connaissance technologique. Le bois est le mat\u00e9riau de construction par excellence \u2013 \u00e0 la fois fl\u00e9xible, l\u00e9ger et solide, il permet des cr\u00e9ations architecturales tr\u00e8s vari\u00e9es. Savoir plus sur <a href=\"https:\/\/www.loghouse.fi\/fr\/nos-prestations\/technologie-et-production\/\">notre technologie<\/a>.<\/p>\n<h2>Livraison<\/h2>\n<figure id=\"attachment_2776\" aria-describedby=\"caption-attachment-2776\" style=\"width: 1050px\" class=\"wp-caption alignnone\"><img loading=\"lazy\" decoding=\"async\" class=\"size-full wp-image-2776\" src=\"https:\/\/www.loghouse.fi\/wp-content\/uploads\/2017\/04\/delivery.jpg\" alt=\"Livraison partout en France.\" width=\"1050\" height=\"699\" srcset=\"https:\/\/www.loghouse.fi\/wp-content\/uploads\/2017\/04\/delivery.jpg 1050w, https:\/\/www.loghouse.fi\/wp-content\/uploads\/2017\/04\/delivery-860x573.jpg 860w, https:\/\/www.loghouse.fi\/wp-content\/uploads\/2017\/04\/delivery-300x200.jpg 300w, https:\/\/www.loghouse.fi\/wp-content\/uploads\/2017\/04\/delivery-768x511.jpg 768w, https:\/\/www.loghouse.fi\/wp-content\/uploads\/2017\/04\/delivery-1024x682.jpg 1024w, https:\/\/www.loghouse.fi\/wp-content\/uploads\/2017\/04\/delivery-150x100.jpg 150w\" sizes=\"auto, (max-width: 1050px) 100vw, 1050px\" \/><figcaption id=\"caption-attachment-2776\" class=\"wp-caption-text\">Livraison partout en France.<\/figcaption><\/figure>\n<p>Nous proposons la livraison des kits en bois partout en France. Savoir plus sur la <a href=\"https:\/\/www.loghouse.fi\/fr\/nos-prestations\/livraison\/\">livraison de nos maisons en bois<\/a>.<\/p>\n<h2>Montage<\/h2>\n<figure id=\"attachment_2775\" aria-describedby=\"caption-attachment-2775\" style=\"width: 1050px\" class=\"wp-caption alignnone\"><img loading=\"lazy\" decoding=\"async\" class=\"size-full wp-image-2775\" src=\"https:\/\/www.loghouse.fi\/wp-content\/uploads\/2017\/04\/assembly.jpg\" alt=\"Montage d\u00b4une kit en bois massif est rapide.\" width=\"1050\" height=\"788\" srcset=\"https:\/\/www.loghouse.fi\/wp-content\/uploads\/2017\/04\/assembly.jpg 1050w, https:\/\/www.loghouse.fi\/wp-content\/uploads\/2017\/04\/assembly-860x645.jpg 860w, https:\/\/www.loghouse.fi\/wp-content\/uploads\/2017\/04\/assembly-300x225.jpg 300w, https:\/\/www.loghouse.fi\/wp-content\/uploads\/2017\/04\/assembly-768x576.jpg 768w, https:\/\/www.loghouse.fi\/wp-content\/uploads\/2017\/04\/assembly-1024x768.jpg 1024w\" sizes=\"auto, (max-width: 1050px) 100vw, 1050px\" \/><figcaption id=\"caption-attachment-2775\" class=\"wp-caption-text\">Montage d\u00b4une kit en bois massif est rapide.<\/figcaption><\/figure>\n<p>Le montage d&rsquo;un kit pr\u00e9fabriqu\u00e9 en bois massif est rapide.\u00a0 \u00c0 travers de notre r\u00e9seau de partenaires nous vous proposons une \u00e9quipe de montage. Savoir plus sur le <a href=\"https:\/\/www.loghouse.fi\/fr\/nos-prestations\/montage\/\">montage de nos maisons en bois<\/a>.<\/p>\n","protected":false},"excerpt":{"rendered":"<p>Aito Maisons en Bois est un v\u00e9ritable fournisseur des maisons en bois originales de Laponie, Finlande. Toutes nos maisons sont de la fabrication authentique cr\u00e9\u00e9es avec un design, un savoir-faire et une technologie de la haute qualit\u00e9. Nos maisons en bois sont confortables, belles et bien con\u00e7ues jusqu\u2019 au dernier [&hellip;]<\/p>\n","protected":false},"author":6,"featured_media":1732,"parent":0,"menu_order":4,"comment_status":"closed","ping_status":"closed","template":"page-templates\/page_one-column.php","meta":{"_acf_changed":false,"footnotes":""},"yst_prominent_words":[873,2929,2928,2927,2926,2925,2924,2923,2922,875,672,870,869,868,865,864,861,738,688,674],"class_list":["post-8912","page","type-page","status-publish","has-post-thumbnail","hentry"],"acf":[],"_links":{"self":[{"href":"https:\/\/www.loghouse.fi\/fr\/wp-json\/wp\/v2\/pages\/8912","targetHints":{"allow":["GET"]}}],"collection":[{"href":"https:\/\/www.loghouse.fi\/fr\/wp-json\/wp\/v2\/pages"}],"about":[{"href":"https:\/\/www.loghouse.fi\/fr\/wp-json\/wp\/v2\/types\/page"}],"author":[{"embeddable":true,"href":"https:\/\/www.loghouse.fi\/fr\/wp-json\/wp\/v2\/users\/6"}],"replies":[{"embeddable":true,"href":"https:\/\/www.loghouse.fi\/fr\/wp-json\/wp\/v2\/comments?post=8912"}],"version-history":[{"count":4,"href":"https:\/\/www.loghouse.fi\/fr\/wp-json\/wp\/v2\/pages\/8912\/revisions"}],"predecessor-version":[{"id":16752,"href":"https:\/\/www.loghouse.fi\/fr\/wp-json\/wp\/v2\/pages\/8912\/revisions\/16752"}],"wp:featuredmedia":[{"embeddable":true,"href":"https:\/\/www.loghouse.fi\/fr\/wp-json\/wp\/v2\/media\/1732"}],"wp:attachment":[{"href":"https:\/\/www.loghouse.fi\/fr\/wp-json\/wp\/v2\/media?parent=8912"}],"wp:term":[{"taxonomy":"yst_prominent_words","embeddable":true,"href":"https:\/\/www.loghouse.fi\/fr\/wp-json\/wp\/v2\/yst_prominent_words?post=8912"}],"curies":[{"name":"wp","href":"https:\/\/api.w.org\/{rel}","templated":true}]}}