{"id":8918,"date":"2017-06-17T18:40:58","date_gmt":"2017-06-17T18:40:58","guid":{"rendered":"https:\/\/www.loghouse.fi\/?page_id=8918\/"},"modified":"2020-04-19T19:34:51","modified_gmt":"2020-04-19T19:34:51","slug":"technologie-et-production","status":"publish","type":"page","link":"https:\/\/www.loghouse.fi\/fr\/nos-prestations-maison-bois\/technologie-et-production\/","title":{"rendered":"Technologie et production"},"content":{"rendered":"<h2><strong>Gestion durable et haute technologie<\/strong><\/h2>\n<p>Nous avons une maitrise parfaite sur tout le processus de fabrication \u00e0 partir de l&rsquo;achat de notre mati\u00e8re premi\u00e8re qui provient de la proximit\u00e9 de notre usine, des for\u00eats exploit\u00e9es avec une gestion durable et dans un respect des normes et dans la transparence. L\u2019exploitation des for\u00eats contribue \u00e0 leur gestion durable et \u00e0 la pr\u00e9servation du patrimoine forestier pour les g\u00e9n\u00e9rations \u00e0 venir.<\/p>\n<blockquote><p>Aujourd\u00b4hui, gr\u00e2ce \u00e0 une gestion responsable, Finlande compte plus de superficie foresti\u00e8re qu\u2019il y a un si\u00e8cle.<\/p><\/blockquote>\n<p>Notre fabrication utilise la technologie la plus moderne ce qui permettre d&rsquo;obtenir une pr\u00e9cision d&rsquo;usinage remarquable ainsi que l&rsquo;efficacit\u00e9 de production. Notre contr\u00f4le de qualit\u00e9 rigoureux garantie un r\u00e9sultat irr\u00e9prochable. Les <a href=\"https:\/\/www.loghouse.fi\/fr\/notre-collection\/\">maisons d&rsquo;Aito<\/a>\u00a0sont les meilleures de la Finlande.<\/p>\n<figure id=\"attachment_8987\" aria-describedby=\"caption-attachment-8987\" style=\"width: 1050px\" class=\"wp-caption alignnone\"><img loading=\"lazy\" decoding=\"async\" class=\"size-full wp-image-8987\" src=\"https:\/\/www.loghouse.fi\/wp-content\/uploads\/2016\/06\/finland-wooden-production-technologies-are-some-of-the-best-in-the-world.jpg\" alt=\"Rovaniemi Maisons en bois utilise les techniques les plus modernes pour fabriquer les maisons.\" width=\"1050\" height=\"675\" srcset=\"https:\/\/www.loghouse.fi\/wp-content\/uploads\/2016\/06\/finland-wooden-production-technologies-are-some-of-the-best-in-the-world.jpg 1050w, https:\/\/www.loghouse.fi\/wp-content\/uploads\/2016\/06\/finland-wooden-production-technologies-are-some-of-the-best-in-the-world-300x193.jpg 300w, https:\/\/www.loghouse.fi\/wp-content\/uploads\/2016\/06\/finland-wooden-production-technologies-are-some-of-the-best-in-the-world-768x494.jpg 768w, https:\/\/www.loghouse.fi\/wp-content\/uploads\/2016\/06\/finland-wooden-production-technologies-are-some-of-the-best-in-the-world-1024x658.jpg 1024w\" sizes=\"auto, (max-width: 1050px) 100vw, 1050px\" \/><figcaption id=\"caption-attachment-8987\" class=\"wp-caption-text\">Aito Maisons en bois utilise les techniques les plus modernes pour fabriquer les maisons.<\/figcaption><\/figure>\n<h2><strong>S\u00e9chage et collage<\/strong><\/h2>\n<p>Apr\u00e8s le sciage, le bois est s\u00e9ch\u00e9 dans une \u00e9tuve guid\u00e9e par ordinateurs pour obtenir le taux d&rsquo;humidit\u00e9 optimal avant collage. Ensuite le bois traverse un contr\u00f4le de qualit\u00e9 pour d\u00e9tecter les \u00e9ventuels d\u00e9fauts ou anomalies et les meilleurs sont s\u00e9lectionn\u00e9s pour\u00a0 la fabrication des <a href=\"https:\/\/www.loghouse.fi\/fr\/nos-materiaux\/\">madriers<\/a>. Le bois est coll\u00e9 dans une presse hydraulique en utilisant une colle ultra-r\u00e9sistante qui conserve les capacit\u00e9s filtrantes du bois. Un d\u00e9pistage est effectu\u00e9 de chaque s\u00e9rie de collage. Un \u00e9chantillon est mis \u00e0 l\u2019\u00e9preuve dans une chambre de haute pression pour tester le r\u00e9sistance du collage et pour garantir le parfait succ\u00e8s de l\u2019op\u00e9ration. Nous souhaitons nous assurer que la durabilit\u00e9 et solidit\u00e9 de notre produit soit la meilleure possible.<\/p>\n<p><img loading=\"lazy\" decoding=\"async\" class=\"size-full wp-image-8327\" src=\"https:\/\/www.loghouse.fi\/wp-content\/uploads\/2016\/07\/rovaniemi-log-house-wooden-planks-factory.jpg\" alt=\"\" width=\"1920\" height=\"600\" srcset=\"https:\/\/www.loghouse.fi\/wp-content\/uploads\/2016\/07\/rovaniemi-log-house-wooden-planks-factory.jpg 1920w, https:\/\/www.loghouse.fi\/wp-content\/uploads\/2016\/07\/rovaniemi-log-house-wooden-planks-factory-300x94.jpg 300w, https:\/\/www.loghouse.fi\/wp-content\/uploads\/2016\/07\/rovaniemi-log-house-wooden-planks-factory-768x240.jpg 768w, https:\/\/www.loghouse.fi\/wp-content\/uploads\/2016\/07\/rovaniemi-log-house-wooden-planks-factory-1024x320.jpg 1024w\" sizes=\"auto, (max-width: 1920px) 100vw, 1920px\" \/><\/p>\n<h2><strong>Conformit\u00e9 des normes de qualit\u00e9<\/strong><\/h2>\n<p>Tout processus de fabrication est r\u00e9alis\u00e9 dans notre usine en Finlande et en utilisant la derni\u00e8re technologie ultramoderne.<\/p>\n<p>La cl\u00e9 de notre succ\u00e8s est notre exp\u00e9rience, savoir-faire et un outil technologique perfectionn\u00e9 et au point!<\/p>\n<p>Nous veillons \u00e0 la qualit\u00e9 de notre production et assurons le respect et la conformit\u00e9 totale aux <a href=\"https:\/\/www.loghouse.fi\/certification-rovaniemi-maisons-en-bois\/\">normes internationales<\/a>.<\/p>\n","protected":false},"excerpt":{"rendered":"<p>Gestion durable et haute technologie Nous avons une maitrise parfaite sur tout le processus de fabrication \u00e0 partir de l&rsquo;achat de notre mati\u00e8re premi\u00e8re qui provient de la proximit\u00e9 de notre usine, des for\u00eats exploit\u00e9es avec une gestion durable et dans un respect des normes et dans la transparence. L\u2019exploitation [&hellip;]<\/p>\n","protected":false},"author":6,"featured_media":2665,"parent":8912,"menu_order":2,"comment_status":"closed","ping_status":"closed","template":"page-templates\/page_one-column.php","meta":{"_acf_changed":false,"footnotes":""},"yst_prominent_words":[903,2945,2911,2910,2909,2908,2907,974,908,904,734,901,900,899,898,896,895,891,878,735],"class_list":["post-8918","page","type-page","status-publish","has-post-thumbnail","hentry"],"acf":[],"_links":{"self":[{"href":"https:\/\/www.loghouse.fi\/fr\/wp-json\/wp\/v2\/pages\/8918","targetHints":{"allow":["GET"]}}],"collection":[{"href":"https:\/\/www.loghouse.fi\/fr\/wp-json\/wp\/v2\/pages"}],"about":[{"href":"https:\/\/www.loghouse.fi\/fr\/wp-json\/wp\/v2\/types\/page"}],"author":[{"embeddable":true,"href":"https:\/\/www.loghouse.fi\/fr\/wp-json\/wp\/v2\/users\/6"}],"replies":[{"embeddable":true,"href":"https:\/\/www.loghouse.fi\/fr\/wp-json\/wp\/v2\/comments?post=8918"}],"version-history":[{"count":3,"href":"https:\/\/www.loghouse.fi\/fr\/wp-json\/wp\/v2\/pages\/8918\/revisions"}],"predecessor-version":[{"id":14606,"href":"https:\/\/www.loghouse.fi\/fr\/wp-json\/wp\/v2\/pages\/8918\/revisions\/14606"}],"up":[{"embeddable":true,"href":"https:\/\/www.loghouse.fi\/fr\/wp-json\/wp\/v2\/pages\/8912"}],"wp:featuredmedia":[{"embeddable":true,"href":"https:\/\/www.loghouse.fi\/fr\/wp-json\/wp\/v2\/media\/2665"}],"wp:attachment":[{"href":"https:\/\/www.loghouse.fi\/fr\/wp-json\/wp\/v2\/media?parent=8918"}],"wp:term":[{"taxonomy":"yst_prominent_words","embeddable":true,"href":"https:\/\/www.loghouse.fi\/fr\/wp-json\/wp\/v2\/yst_prominent_words?post=8918"}],"curies":[{"name":"wp","href":"https:\/\/api.w.org\/{rel}","templated":true}]}}