{"id":8921,"date":"2017-06-17T18:51:04","date_gmt":"2017-06-17T18:51:04","guid":{"rendered":"https:\/\/www.loghouse.fi\/?page_id=8921\/"},"modified":"2020-05-06T14:03:15","modified_gmt":"2020-05-06T11:03:15","slug":"livraison","status":"publish","type":"page","link":"https:\/\/www.loghouse.fi\/fr\/nos-prestations-maison-bois\/livraison\/","title":{"rendered":"Livraison de nos maisons"},"content":{"rendered":"<h2>Aito Maisons en Bois \u2013 livraison partout en France<\/h2>\n<p>Aito Maisons en Bois livre avec succ\u00e8s des <a href=\"https:\/\/www.loghouse.fi\/fr\/notre-collection\/\">maisons pr\u00e9fabriqu\u00e9es<\/a> \u00e0 travers de l\u2019Europe et le monde entier. Nous avons formul\u00e9s plusieurs principes directeurs pour la livraison de nos produits d\u2019apr\u00e8s lesquels l\u2019entreprise conduit ses op\u00e9rations de transport :<\/p>\n<ul>\n<li>Des techniques soigneusement choisies qui garantissent la s\u00e9curit\u00e9 de la livraison<\/li>\n<li>Une prestation de services en respect des normes les plus strictes<\/li>\n<li>Une proc\u00e9dure bien organis\u00e9e pour l&rsquo;exp\u00e9dition et la r\u00e9ception du fret<\/li>\n<\/ul>\n<p>Les clients peuvent \u00eatre assur\u00e9s que leur maison sera transport\u00e9e de Laponie jusqu\u2019\u00e0 destination en tout s\u00e9curit\u00e9. L\u2019emballage sp\u00e9cialement con\u00e7u pour l&rsquo;export assure une protection parfaite des mat\u00e9riaux.<\/p>\n<p>La grande exp\u00e9rience d&rsquo;Aito Maisons en Bois garantit une livraison s\u00fbre et un contr\u00f4le des diff\u00e9rentes \u00e9tapes du transport !<\/p>\n<h2>Solutions logistiques<\/h2>\n<p>Les mat\u00e9riaux sont charg\u00e9s dans des semi-remorques de ype Megatrailer dans notre usine et les remorques voyagent ensuite par transport maritime jusqu\u2019au port de destination. Le transport routi\u00e8re se fait \u00e0 partir du port et jusqu\u2019au votre chantier. Pour les destinations d&rsquo;outre-mer nous utilisons des conteneurs maritimes.<\/p>\n<blockquote><p><em>Aito Maisons en Bois livre partout en France.<\/em><\/p><\/blockquote>\n<p>L\u2019entreprise poss\u00e8de une grande exp\u00e9rience en mati\u00e8re de livraison et de transport de <a href=\"https:\/\/www.loghouse.fi\/fr\/notre-collection\/\">maisons en bois<\/a>.\u00a0 Aito Maisons en Bois ne s&rsquo;associe qu&rsquo;avec des entreprises qui b\u00e9n\u00e9ficient d\u2019une solide r\u00e9putation en termes de fiabilit\u00e9 et de professionnalisme. Cette approche professionnelle, une bonne organisation, des crit\u00e8res d\u2019exigence \u00e9lev\u00e9s vis-\u00e0-vis de l\u2019entreprise de transport ainsi qu\u2019un grand soin dans la prise en charge de la cargaison, voil\u00e0 les facteurs essentiels qui jouent un r\u00f4le significatif pour une livraison en toute s\u00e9curit\u00e9 et dans le respect des d\u00e9lais.<\/p>\n<p>&nbsp;<\/p>\n<p><img loading=\"lazy\" decoding=\"async\" class=\"alignnone wp-image-15281 size-full\" src=\"https:\/\/www.loghouse.fi\/wp-content\/uploads\/2020\/05\/aito-log-house-delivery.jpg\" alt=\"\" width=\"2560\" height=\"1276\" \/><\/p>\n<p><em>Les maisons en bois et chalets d&rsquo;Aito Maisons en Bois sont livr\u00e9s efficasement et rapiment de la Finlande \u00e0 presque tous les coins du monde.\u00a0<\/em><\/p>\n","protected":false},"excerpt":{"rendered":"<p>Aito Maisons en Bois \u2013 livraison partout en France Aito Maisons en Bois livre avec succ\u00e8s des maisons pr\u00e9fabriqu\u00e9es \u00e0 travers de l\u2019Europe et le monde entier. Nous avons formul\u00e9s plusieurs principes directeurs pour la livraison de nos produits d\u2019apr\u00e8s lesquels l\u2019entreprise conduit ses op\u00e9rations de transport : Des techniques [&hellip;]<\/p>\n","protected":false},"author":6,"featured_media":2664,"parent":8912,"menu_order":3,"comment_status":"closed","ping_status":"closed","template":"page-templates\/page_one-column.php","meta":{"_acf_changed":false,"footnotes":""},"yst_prominent_words":[913,2946,2920,920,919,918,917,916,915,914,671,912,880,868,688,687,675,674,673,672],"class_list":["post-8921","page","type-page","status-publish","has-post-thumbnail","hentry"],"acf":[],"_links":{"self":[{"href":"https:\/\/www.loghouse.fi\/fr\/wp-json\/wp\/v2\/pages\/8921","targetHints":{"allow":["GET"]}}],"collection":[{"href":"https:\/\/www.loghouse.fi\/fr\/wp-json\/wp\/v2\/pages"}],"about":[{"href":"https:\/\/www.loghouse.fi\/fr\/wp-json\/wp\/v2\/types\/page"}],"author":[{"embeddable":true,"href":"https:\/\/www.loghouse.fi\/fr\/wp-json\/wp\/v2\/users\/6"}],"replies":[{"embeddable":true,"href":"https:\/\/www.loghouse.fi\/fr\/wp-json\/wp\/v2\/comments?post=8921"}],"version-history":[{"count":6,"href":"https:\/\/www.loghouse.fi\/fr\/wp-json\/wp\/v2\/pages\/8921\/revisions"}],"predecessor-version":[{"id":15292,"href":"https:\/\/www.loghouse.fi\/fr\/wp-json\/wp\/v2\/pages\/8921\/revisions\/15292"}],"up":[{"embeddable":true,"href":"https:\/\/www.loghouse.fi\/fr\/wp-json\/wp\/v2\/pages\/8912"}],"wp:featuredmedia":[{"embeddable":true,"href":"https:\/\/www.loghouse.fi\/fr\/wp-json\/wp\/v2\/media\/2664"}],"wp:attachment":[{"href":"https:\/\/www.loghouse.fi\/fr\/wp-json\/wp\/v2\/media?parent=8921"}],"wp:term":[{"taxonomy":"yst_prominent_words","embeddable":true,"href":"https:\/\/www.loghouse.fi\/fr\/wp-json\/wp\/v2\/yst_prominent_words?post=8921"}],"curies":[{"name":"wp","href":"https:\/\/api.w.org\/{rel}","templated":true}]}}