{"id":8926,"date":"2017-06-17T19:51:25","date_gmt":"2017-06-17T19:51:25","guid":{"rendered":"https:\/\/www.loghouse.fi\/?page_id=8926\/"},"modified":"2020-04-21T00:05:08","modified_gmt":"2020-04-20T21:05:08","slug":"montage","status":"publish","type":"page","link":"https:\/\/www.loghouse.fi\/fr\/nos-prestations-maison-bois\/montage\/","title":{"rendered":"Montage d&rsquo;une maison en bois d&rsquo;Aito"},"content":{"rendered":"<h2>Le montage d&rsquo;une maison en bois pr\u00e9fabriqu\u00e9e est rapide<\/h2>\n<p>Les composants de la maison sont pr\u00e9fabriqu\u00e9s en Finlande avec un \u00e9quipement moderne et perfectionn\u00e9. Ainsi toutes les pi\u00e8ces sont usin\u00e9es avec pr\u00e9cision et avec les dimensions exactes. C\u2019est pourquoi l\u2019assemblage de la maison est rapide \u00e0 mettre en \u0153uvre. Le montage d&rsquo;une <a href=\"https:\/\/www.loghouse.fi\/fr\/notre-collection\/\">maison en kit<\/a> est comparable \u00e0 un jeu de Lego dans lequel les diff\u00e9rents \u00e9l\u00e9ments s\u2019emboitent parfaitement.<\/p>\n<h2>L\u2019expertise d&rsquo;Aito Maisons en Bois<\/h2>\n<figure id=\"attachment_8938\" aria-describedby=\"caption-attachment-8938\" style=\"width: 1050px\" class=\"wp-caption alignnone\"><img loading=\"lazy\" decoding=\"async\" class=\"size-full wp-image-8938\" src=\"https:\/\/www.loghouse.fi\/wp-content\/uploads\/2017\/06\/rovaniemi-log-house-assembly.jpg\" alt=\"Nos monteurs professionnels ont la connaissance et l\u00b4exp\u00e9rience pour ex\u00e9cuter les travaux correctement et dans les d\u00e9lais.\" width=\"1050\" height=\"699\" srcset=\"https:\/\/www.loghouse.fi\/wp-content\/uploads\/2017\/06\/rovaniemi-log-house-assembly.jpg 1050w, https:\/\/www.loghouse.fi\/wp-content\/uploads\/2017\/06\/rovaniemi-log-house-assembly-860x573.jpg 860w, https:\/\/www.loghouse.fi\/wp-content\/uploads\/2017\/06\/rovaniemi-log-house-assembly-300x200.jpg 300w, https:\/\/www.loghouse.fi\/wp-content\/uploads\/2017\/06\/rovaniemi-log-house-assembly-768x511.jpg 768w, https:\/\/www.loghouse.fi\/wp-content\/uploads\/2017\/06\/rovaniemi-log-house-assembly-1024x682.jpg 1024w, https:\/\/www.loghouse.fi\/wp-content\/uploads\/2017\/06\/rovaniemi-log-house-assembly-150x100.jpg 150w\" sizes=\"auto, (max-width: 1050px) 100vw, 1050px\" \/><figcaption id=\"caption-attachment-8938\" class=\"wp-caption-text\">Nos monteurs professionnels ont la connaissance et l&rsquo;exp\u00e9rience pour ex\u00e9cuter les travaux correctement et dans les d\u00e9lais.<\/figcaption><\/figure>\n<p>Nous vous proposons une \u00e9quipe de monteurs professionnels pour l\u2019assemblage de kit en bois de votre maison. Pour les amateurs d&rsquo;auto-construction nous proposons une assistance technique par l&rsquo;un de nos sp\u00e9cialistes. Notre livraison inclus les plans et dessins d\u00e9tailles et complets pour le montage du kit.<\/p>\n<p>Nos sp\u00e9cialistes ma\u00eetrisent toutes les nuances du processus d&rsquo;assemblage et peuvent \u00eatre consult\u00e9s sur les sujets suivants : l&rsquo;assemblage de maisons en <a href=\"https:\/\/www.loghouse.fi\/fr\/nos-materiaux\/rondin-massif\/\">rondins<\/a>, en madriers, en <a href=\"https:\/\/www.loghouse.fi\/fr\/nos-materiaux\/madriers-contrecolle\/\">madriers contrecoll\u00e9s<\/a>, avec les sp\u00e9cificit\u00e9s qui leurs sont li\u00e9es, et l&rsquo;assemblage de maisons en rondins dans diff\u00e9rentes conditions climatiques. Nous poss\u00e9dons une grande connaissance des diff\u00e9rentes \u00e9tapes de la construction, de la <a href=\"https:\/\/www.loghouse.fi\/fr\/nos-prestations\/design\/\">conception<\/a> \u00e0 la <a href=\"https:\/\/www.loghouse.fi\/fr\/nos-prestations\/technologie-et-production\/\">fabrication<\/a> jusqu\u2019au montage sur le terrain.<\/p>\n<h2>Une \u00e9quipe de professionnels<\/h2>\n<p>Si le montage est une \u00e9tape important dans la r\u00e9alisation d&rsquo;un projet, la construction d&rsquo;une maison en bois comporte certaines subtilit\u00e9s qu\u2019il convient de prendre en compte, comme le tassement naturel d\u2019un b\u00e2timent en bois massif. Nos monteurs professionnels ont la connaissance et l&rsquo;exp\u00e9rience pour ex\u00e9cuter les travaux correctement et dans les d\u00e9lais.<\/p>\n<p>Un montage fait correctement ne sera pas seulement la garantie d\u2019une maison \u00e0 l\u2019esth\u00e9tique irr\u00e9prochable, il assurera \u00e9galement sa long\u00e9vit\u00e9. En laissant les professionnels faire leur travail le client pourra \u00eatre certain que sa maison en bois durera pour les g\u00e9n\u00e9rations \u00e0 venir.<\/p>\n","protected":false},"excerpt":{"rendered":"<p>Le montage d&rsquo;une maison en bois pr\u00e9fabriqu\u00e9e est rapide Les composants de la maison sont pr\u00e9fabriqu\u00e9s en Finlande avec un \u00e9quipement moderne et perfectionn\u00e9. Ainsi toutes les pi\u00e8ces sont usin\u00e9es avec pr\u00e9cision et avec les dimensions exactes. C\u2019est pourquoi l\u2019assemblage de la maison est rapide \u00e0 mettre en \u0153uvre. Le [&hellip;]<\/p>\n","protected":false},"author":6,"featured_media":8297,"parent":8912,"menu_order":4,"comment_status":"closed","ping_status":"closed","template":"page-templates\/page_one-column.php","meta":{"_acf_changed":false,"footnotes":""},"yst_prominent_words":[964,2960,2959,2958,2957,2956,2948,967,966,965,673,963,962,961,959,955,954,953,940,937],"class_list":["post-8926","page","type-page","status-publish","has-post-thumbnail","hentry"],"acf":[],"_links":{"self":[{"href":"https:\/\/www.loghouse.fi\/fr\/wp-json\/wp\/v2\/pages\/8926","targetHints":{"allow":["GET"]}}],"collection":[{"href":"https:\/\/www.loghouse.fi\/fr\/wp-json\/wp\/v2\/pages"}],"about":[{"href":"https:\/\/www.loghouse.fi\/fr\/wp-json\/wp\/v2\/types\/page"}],"author":[{"embeddable":true,"href":"https:\/\/www.loghouse.fi\/fr\/wp-json\/wp\/v2\/users\/6"}],"replies":[{"embeddable":true,"href":"https:\/\/www.loghouse.fi\/fr\/wp-json\/wp\/v2\/comments?post=8926"}],"version-history":[{"count":2,"href":"https:\/\/www.loghouse.fi\/fr\/wp-json\/wp\/v2\/pages\/8926\/revisions"}],"predecessor-version":[{"id":14738,"href":"https:\/\/www.loghouse.fi\/fr\/wp-json\/wp\/v2\/pages\/8926\/revisions\/14738"}],"up":[{"embeddable":true,"href":"https:\/\/www.loghouse.fi\/fr\/wp-json\/wp\/v2\/pages\/8912"}],"wp:featuredmedia":[{"embeddable":true,"href":"https:\/\/www.loghouse.fi\/fr\/wp-json\/wp\/v2\/media\/8297"}],"wp:attachment":[{"href":"https:\/\/www.loghouse.fi\/fr\/wp-json\/wp\/v2\/media?parent=8926"}],"wp:term":[{"taxonomy":"yst_prominent_words","embeddable":true,"href":"https:\/\/www.loghouse.fi\/fr\/wp-json\/wp\/v2\/yst_prominent_words?post=8926"}],"curies":[{"name":"wp","href":"https:\/\/api.w.org\/{rel}","templated":true}]}}