{"id":8998,"date":"2017-06-17T20:34:51","date_gmt":"2017-06-17T20:34:51","guid":{"rendered":"https:\/\/www.loghouse.fi\/?page_id=8998\/"},"modified":"2025-10-10T17:59:45","modified_gmt":"2025-10-10T14:59:45","slug":"nous-contacter","status":"publish","type":"page","link":"https:\/\/www.loghouse.fi\/fr\/nous-contacter\/","title":{"rendered":"Nous contacter"},"content":{"rendered":"<h3><\/h3>\n<h4>Notre distributeur en France :<\/h4>\n<p><strong>Napapiiri Chalets<\/strong><br \/>\n19 Route de Cornimont<br \/>\nF-88250 LA BRESSE<br \/>\nT\u00e9l 03 29 28 65 77<br \/>\n<a href=\"mailto:info@napapiiri.fr\">info@napapiiri.fr<\/a><br \/>\n<a href=\"http:\/\/www.napapiiri.fr\">www.napapiiri.fr<\/a><\/p>\n<h4>Notre distributeur au Canada :<\/h4>\n<p><strong>EcoLogHouse<\/strong><br \/>\nLASALLE, QUEBEC, H8P1N9, CA<br \/>\n<a href=\"https:\/\/ecologhouse.ca\/fr\/\">https:\/\/ecologhouse.ca\/<\/a><br \/>\n<a href=\"mailto:info@ecologhouse.ca\">info@ecologhouse.ca<\/a><br \/>\nTel: +1 438 282 7573<\/p>\n<h2>Si\u00e8ge social<\/h2>\n<p>Le si\u00e8ge social d&rsquo;Aito Maisons en Bois (Aito Lapland Oy) est situ\u00e9 dans la Ville de Rovaniemi en Laponie Finlandaise. Nos bureaux se trouvent sur le cercle polaire \u00e0 c\u00f4t\u00e9 de Santa Claus Village (le Village du P\u00e8re No\u00ebl). Vous \u00eates les bienvenu(e)s \u00e0 visiter nos locaux, nos maisons t\u00e9moin et venir parler de votre projet de construction.<\/p>\n<p><strong>Aito Lapland Oy \/ Aito Maisons en Bois<\/strong><br \/>\nTeknotie 14-16, 96900 Rovaniemi<br \/>\nFinlande<\/p>\n<p>Tel.: +358 40 849 49 25<br \/>\nE-mail:\u00a0<a href=\"mailto: info@aitologhouse.fi\">info@aitologhouse.fi<\/a><\/p>\n<p data-start=\"33\" data-end=\"164\">***<\/p>\n<p data-start=\"33\" data-end=\"164\"><em>Si vous souhaitez devenir notre distributeur, veuillez visiter notre <a href=\"https:\/\/www.loghouse.fi\/fr\/devenez-distributeur-aito-maisons-en-bois-chalets-finlande\/\">page d\u00e9di\u00e9e aux distributeurs<\/a>\u00a0et nous envoyer un message !<\/p>\n<p>Veuillez noter que nous fournissons aussi les maisons mobiles uniques <a href=\"https:\/\/mokkihome.fr\/\">M\u00f6kki Home<\/a>.\u00a0<\/em><\/p>\n<p>&nbsp;<\/p>\n","protected":false},"excerpt":{"rendered":"<p>Notre distributeur en France : Napapiiri Chalets 19 Route de Cornimont F-88250 LA BRESSE T\u00e9l 03 29 28 65 77 info@napapiiri.fr www.napapiiri.fr Notre distributeur au Canada : EcoLogHouse LASALLE, QUEBEC, H8P1N9, CA https:\/\/ecologhouse.ca\/ info@ecologhouse.ca Tel: +1 438 282 7573 Si\u00e8ge social Le si\u00e8ge social d&rsquo;Aito Maisons en Bois (Aito Lapland [&hellip;]<\/p>\n","protected":false},"author":6,"featured_media":2660,"parent":0,"menu_order":7,"comment_status":"closed","ping_status":"closed","template":"page-templates\/page_contact.php","meta":{"_acf_changed":false,"footnotes":""},"yst_prominent_words":[2874,3100,3092,3091,3090,3089,2974,2920,2907,2898,228,975,725,688,675,674,673,672,671,243],"class_list":["post-8998","page","type-page","status-publish","has-post-thumbnail","hentry"],"acf":[],"_links":{"self":[{"href":"https:\/\/www.loghouse.fi\/fr\/wp-json\/wp\/v2\/pages\/8998","targetHints":{"allow":["GET"]}}],"collection":[{"href":"https:\/\/www.loghouse.fi\/fr\/wp-json\/wp\/v2\/pages"}],"about":[{"href":"https:\/\/www.loghouse.fi\/fr\/wp-json\/wp\/v2\/types\/page"}],"author":[{"embeddable":true,"href":"https:\/\/www.loghouse.fi\/fr\/wp-json\/wp\/v2\/users\/6"}],"replies":[{"embeddable":true,"href":"https:\/\/www.loghouse.fi\/fr\/wp-json\/wp\/v2\/comments?post=8998"}],"version-history":[{"count":14,"href":"https:\/\/www.loghouse.fi\/fr\/wp-json\/wp\/v2\/pages\/8998\/revisions"}],"predecessor-version":[{"id":17521,"href":"https:\/\/www.loghouse.fi\/fr\/wp-json\/wp\/v2\/pages\/8998\/revisions\/17521"}],"wp:featuredmedia":[{"embeddable":true,"href":"https:\/\/www.loghouse.fi\/fr\/wp-json\/wp\/v2\/media\/2660"}],"wp:attachment":[{"href":"https:\/\/www.loghouse.fi\/fr\/wp-json\/wp\/v2\/media?parent=8998"}],"wp:term":[{"taxonomy":"yst_prominent_words","embeddable":true,"href":"https:\/\/www.loghouse.fi\/fr\/wp-json\/wp\/v2\/yst_prominent_words?post=8998"}],"curies":[{"name":"wp","href":"https:\/\/api.w.org\/{rel}","templated":true}]}}