{"id":9058,"date":"2017-06-18T18:39:25","date_gmt":"2017-06-18T18:39:25","guid":{"rendered":"https:\/\/www.loghouse.fi\/?page_id=9058\/"},"modified":"2023-01-18T09:34:05","modified_gmt":"2023-01-18T07:34:05","slug":"rovaniemi-laftehus","status":"publish","type":"page","link":"https:\/\/www.loghouse.fi\/nb\/rovaniemi-laftehus\/","title":{"rendered":"Aito Laftehus"},"content":{"rendered":"<h2>Kvalitetshus fra Finland<\/h2>\n<p>Aito Laftehus (Aito Lapland Oy) er produsent av autentiske trehus fra finske Lappland. Finland er kjent for sin banebrytende treteknologi, b\u00e6rekraftige \u00f8kologiske materialer og enest\u00e5ende skandinavisk design. Selskapet v\u00e5rt er en av de ledende produsentene av trehus i Finland. I \u00e5rhundrer har trehytter og -hus beskyttet oss mot v\u00e6ret. Vi har flere hundre \u00e5rs erfaring med \u00e5 bygge t\u00f8mmerhus, og inng\u00e5ende kunnskap om de nyeste treteknologiene og moderne trematerialer.<\/p>\n<p>Aito Laftehus produserer alt av trehus, fra luksuri\u00f8se til koselige skandinaviske t\u00f8mmerhus, sommerhus, badstuer og offentlige bygninger. Selskapet har v\u00e6rt aktivt innen trehusdesign og bygging i over 10 \u00e5r. Vi har fullf\u00f8rt prosjekter i nesten alle deler av verden! V\u00e5re dedikerte forhandlere er lokalisert i Europa, Kina og Japan. Selskapets hovedkontor ligger i byen Rovaniemi i Lappland \u2013 den nordligste provinsen i Finland.<\/p>\n<figure id=\"attachment_2805\" aria-describedby=\"caption-attachment-2805\" style=\"width: 1050px\" class=\"wp-caption alignnone\"><img loading=\"lazy\" decoding=\"async\" class=\"size-full wp-image-8620\" src=\"https:\/\/www.loghouse.fi\/wp-content\/uploads\/2017\/05\/log-house-project-helios.jpg\" alt=\"Trehusprosjektet 'Helios' av Rovaniemi Log House.\" width=\"1050\" height=\"591\" srcset=\"https:\/\/www.loghouse.fi\/wp-content\/uploads\/2017\/05\/log-house-project-helios.jpg 1050w, https:\/\/www.loghouse.fi\/wp-content\/uploads\/2017\/05\/log-house-project-helios-300x169.jpg 300w, https:\/\/www.loghouse.fi\/wp-content\/uploads\/2017\/05\/log-house-project-helios-768x432.jpg 768w, https:\/\/www.loghouse.fi\/wp-content\/uploads\/2017\/05\/log-house-project-helios-1024x576.jpg 1024w\" sizes=\"auto, (max-width: 1050px) 100vw, 1050px\" \/><figcaption id=\"caption-attachment-2805\" class=\"wp-caption-text\">Trehusprosjektet &#8216;Helios&#8217; av Aito Lafthus.<\/figcaption><\/figure>\n<h2>Finske trehus<\/h2>\n<p>Aito Laftehus&#8217; portef\u00f8lje inkluderer koselige t\u00f8mmerhus, romslige trehus og hytter samt store herskapshus. Sm\u00e5, mellomstore eller store \u2013 vi utviklet husene for \u00e5 gi naturlig komfort i et trygt milj\u00f8 med finsk t\u00f8mmer. Vi kan tilpasse alle husene for \u00e5 m\u00f8te dine spesielle \u00f8nsker, ideer og plassering. I tillegg til eksisterende modeller, tilbyr vi designtjenester for \u00e5 skape unike hjem \u2013 bygd fra grunnen, helt etter dine behov.<\/p>\n<p>Vi har et effektivt team av fagfolk med ferdigheter og erfaring som garanterer vellykket og effektivt arbeid med kundene v\u00e5re. Vi vil gjerne hjelpe deg med alle delene av byggeprosessen, fra de f\u00f8rste designforslagene til levering og montering av et ferdighus. Ta en prat med oss!<\/p>\n<p><img loading=\"lazy\" decoding=\"async\" class=\"alignnone wp-image-15064 size-full\" src=\"https:\/\/www.loghouse.fi\/wp-content\/uploads\/2020\/04\/DSC_2569-Copy.jpg\" alt=\"\" width=\"1769\" height=\"1100\" srcset=\"https:\/\/www.loghouse.fi\/wp-content\/uploads\/2020\/04\/DSC_2569-Copy.jpg 1769w, https:\/\/www.loghouse.fi\/wp-content\/uploads\/2020\/04\/DSC_2569-Copy-300x187.jpg 300w, https:\/\/www.loghouse.fi\/wp-content\/uploads\/2020\/04\/DSC_2569-Copy-1024x637.jpg 1024w, https:\/\/www.loghouse.fi\/wp-content\/uploads\/2020\/04\/DSC_2569-Copy-768x478.jpg 768w, https:\/\/www.loghouse.fi\/wp-content\/uploads\/2020\/04\/DSC_2569-Copy-1536x955.jpg 1536w, https:\/\/www.loghouse.fi\/wp-content\/uploads\/2020\/04\/DSC_2569-Copy-860x535.jpg 860w\" sizes=\"auto, (max-width: 1769px) 100vw, 1769px\" \/><\/p>\n","protected":false},"excerpt":{"rendered":"<p>Kvalitetshus fra Finland Aito Laftehus (Aito Lapland Oy) er produsent av autentiske trehus fra finske Lappland. Finland er kjent for sin banebrytende treteknologi, b\u00e6rekraftige \u00f8kologiske materialer og enest\u00e5ende skandinavisk design. Selskapet v\u00e5rt er en av de ledende produsentene av trehus i Finland. I \u00e5rhundrer har trehytter og -hus beskyttet oss [&hellip;]<\/p>\n","protected":false},"author":6,"featured_media":15186,"parent":0,"menu_order":1,"comment_status":"closed","ping_status":"closed","template":"page-templates\/page_one-column.php","meta":{"_acf_changed":false,"footnotes":""},"yst_prominent_words":[1272,3155,3153,3152,3151,3150,3149,3148,2747,2724,226,1271,1270,1269,1268,1267,257,246,240,228],"class_list":["post-9058","page","type-page","status-publish","has-post-thumbnail","hentry"],"acf":[],"_links":{"self":[{"href":"https:\/\/www.loghouse.fi\/nb\/wp-json\/wp\/v2\/pages\/9058","targetHints":{"allow":["GET"]}}],"collection":[{"href":"https:\/\/www.loghouse.fi\/nb\/wp-json\/wp\/v2\/pages"}],"about":[{"href":"https:\/\/www.loghouse.fi\/nb\/wp-json\/wp\/v2\/types\/page"}],"author":[{"embeddable":true,"href":"https:\/\/www.loghouse.fi\/nb\/wp-json\/wp\/v2\/users\/6"}],"replies":[{"embeddable":true,"href":"https:\/\/www.loghouse.fi\/nb\/wp-json\/wp\/v2\/comments?post=9058"}],"version-history":[{"count":4,"href":"https:\/\/www.loghouse.fi\/nb\/wp-json\/wp\/v2\/pages\/9058\/revisions"}],"predecessor-version":[{"id":16309,"href":"https:\/\/www.loghouse.fi\/nb\/wp-json\/wp\/v2\/pages\/9058\/revisions\/16309"}],"wp:featuredmedia":[{"embeddable":true,"href":"https:\/\/www.loghouse.fi\/nb\/wp-json\/wp\/v2\/media\/15186"}],"wp:attachment":[{"href":"https:\/\/www.loghouse.fi\/nb\/wp-json\/wp\/v2\/media?parent=9058"}],"wp:term":[{"taxonomy":"yst_prominent_words","embeddable":true,"href":"https:\/\/www.loghouse.fi\/nb\/wp-json\/wp\/v2\/yst_prominent_words?post=9058"}],"curies":[{"name":"wp","href":"https:\/\/api.w.org\/{rel}","templated":true}]}}